{"id":223,"date":"2021-01-15T16:59:23","date_gmt":"2021-01-15T15:59:23","guid":{"rendered":"http:\/\/a-deuxmains.com\/index.php\/newsletter\/"},"modified":"2021-01-15T17:11:32","modified_gmt":"2021-01-15T16:11:32","slug":"newsletter","status":"publish","type":"page","link":"https:\/\/a-deuxmains.com\/index.php\/newsletter\/","title":{"rendered":"Newsletter"},"content":{"rendered":"\n<p><strong>Soyez les premiers inform\u00e9s des nouveaux forfaits, offres, \u00e9v\u00e9nements\u2026<\/strong><\/p>\n\n\n<div class=\"tnp tnp-subscription\">\n<form method=\"post\" action=\"https:\/\/a-deuxmains.com\/?na=s\">\n\n<input type=\"hidden\" name=\"nr\" value=\"page\"><input type=\"hidden\" name=\"nlang\" value=\"\"><div class=\"tnp-field tnp-field-firstname\"><label for=\"tnp-name\">Pr\u00e9nom ou nom complet<\/label>\n<input class=\"tnp-name\" type=\"text\" name=\"nn\" value=\"\"><\/div>\n<div class=\"tnp-field tnp-field-email\"><label for=\"tnp-email\">Email<\/label>\n<input class=\"tnp-email\" type=\"email\" name=\"ne\" value=\"\" required><\/div>\n<div class=\"tnp-field tnp-field-button\"><input class=\"tnp-submit\" type=\"submit\" value=\"S&#039;abonner\" >\n<\/div>\n<\/form>\n<\/div>\n","protected":false},"excerpt":{"rendered":"<p>Soyez les premiers inform\u00e9s des nouveaux forfaits, offres, \u00e9v\u00e9nements\u2026<\/p>\n","protected":false},"author":1,"featured_media":0,"parent":0,"menu_order":0,"comment_status":"closed","ping_status":"closed","template":"","meta":[],"yoast_head":"<!-- This site is optimized with the Yoast SEO plugin v15.7 - https:\/\/yoast.com\/wordpress\/plugins\/seo\/ -->\n<title>Newsletter | A-deuxmains<\/title>\n<meta name=\"robots\" content=\"index, follow, max-snippet:-1, max-image-preview:large, max-video-preview:-1\" \/>\n<link rel=\"canonical\" href=\"https:\/\/a-deuxmains.com\/index.php\/newsletter\/\" \/>\n<meta property=\"og:locale\" content=\"fr_FR\" \/>\n<meta property=\"og:type\" content=\"article\" \/>\n<meta property=\"og:title\" content=\"Newsletter | A-deuxmains\" \/>\n<meta property=\"og:description\" content=\"Soyez les premiers inform\u00e9s des nouveaux forfaits, offres, \u00e9v\u00e9nements\u2026\" \/>\n<meta property=\"og:url\" content=\"https:\/\/a-deuxmains.com\/index.php\/newsletter\/\" \/>\n<meta property=\"og:site_name\" content=\"A-deuxmains\" \/>\n<meta property=\"article:publisher\" content=\"https:\/\/www.facebook.com\/A.2mains.Angers\" \/>\n<meta property=\"article:modified_time\" content=\"2021-01-15T16:11:32+00:00\" \/>\n<meta name=\"twitter:card\" content=\"summary_large_image\" \/>\n<meta name=\"twitter:label1\" content=\"Dur\u00e9e de lecture est.\">\n\t<meta name=\"twitter:data1\" content=\"1 minute\">\n<script type=\"application\/ld+json\" class=\"yoast-schema-graph\">{\"@context\":\"https:\/\/schema.org\",\"@graph\":[{\"@type\":[\"Person\",\"Organization\"],\"@id\":\"https:\/\/a-deuxmains.com\/#\/schema\/person\/679ace79d95d565a174117144a1cd9ae\",\"name\":\"admin5942\",\"image\":{\"@type\":\"ImageObject\",\"@id\":\"https:\/\/a-deuxmains.com\/#personlogo\",\"inLanguage\":\"fr-FR\",\"url\":\"https:\/\/secure.gravatar.com\/avatar\/5727d1984926e731201bf5ae98d8d6e2?s=96&d=mm&r=g\",\"caption\":\"admin5942\"},\"logo\":{\"@id\":\"https:\/\/a-deuxmains.com\/#personlogo\"},\"description\":\"Form\\u00e9 depuis 2003, J\\u00e9r\\u00e9mie vous assurera une prestation de qualit\\u00e9 en tant que masseur pro. Du massage pour sportif (\\u00e9nergisant ou r\\u00e9cup\\u00e9rateur) au massage relaxant, divers forfaits propos\\u00e9s pour soulager les tensions et lutter contre le mal de dos, ventre, genou, migraine, torticolis, etc... Dans un espace bien-\\u00eatre convivial sur Angers pour femmes et hommes, re\\u00e7oit sur rdv 13h-20h du lundi au vendredi (matin et samedi-dimanche sur demande).\",\"sameAs\":[\"https:\/\/www.facebook.com\/A.2mains.Angers\"]},{\"@type\":\"WebSite\",\"@id\":\"https:\/\/a-deuxmains.com\/#website\",\"url\":\"https:\/\/a-deuxmains.com\/\",\"name\":\"A-deuxmains\",\"description\":\"Votre bien-\\u00eatre | Du massage relaxant au sp\\u00e9cial sportif | Angers\",\"publisher\":{\"@id\":\"https:\/\/a-deuxmains.com\/#\/schema\/person\/679ace79d95d565a174117144a1cd9ae\"},\"potentialAction\":[{\"@type\":\"SearchAction\",\"target\":\"https:\/\/a-deuxmains.com\/?s={search_term_string}\",\"query-input\":\"required name=search_term_string\"}],\"inLanguage\":\"fr-FR\"},{\"@type\":\"WebPage\",\"@id\":\"https:\/\/a-deuxmains.com\/index.php\/newsletter\/#webpage\",\"url\":\"https:\/\/a-deuxmains.com\/index.php\/newsletter\/\",\"name\":\"Newsletter | A-deuxmains\",\"isPartOf\":{\"@id\":\"https:\/\/a-deuxmains.com\/#website\"},\"datePublished\":\"2021-01-15T15:59:23+00:00\",\"dateModified\":\"2021-01-15T16:11:32+00:00\",\"inLanguage\":\"fr-FR\",\"potentialAction\":[{\"@type\":\"ReadAction\",\"target\":[\"https:\/\/a-deuxmains.com\/index.php\/newsletter\/\"]}]}]}<\/script>\n<!-- \/ Yoast SEO plugin. -->","_links":{"self":[{"href":"https:\/\/a-deuxmains.com\/index.php\/wp-json\/wp\/v2\/pages\/223"}],"collection":[{"href":"https:\/\/a-deuxmains.com\/index.php\/wp-json\/wp\/v2\/pages"}],"about":[{"href":"https:\/\/a-deuxmains.com\/index.php\/wp-json\/wp\/v2\/types\/page"}],"author":[{"embeddable":true,"href":"https:\/\/a-deuxmains.com\/index.php\/wp-json\/wp\/v2\/users\/1"}],"replies":[{"embeddable":true,"href":"https:\/\/a-deuxmains.com\/index.php\/wp-json\/wp\/v2\/comments?post=223"}],"version-history":[{"count":1,"href":"https:\/\/a-deuxmains.com\/index.php\/wp-json\/wp\/v2\/pages\/223\/revisions"}],"predecessor-version":[{"id":227,"href":"https:\/\/a-deuxmains.com\/index.php\/wp-json\/wp\/v2\/pages\/223\/revisions\/227"}],"wp:attachment":[{"href":"https:\/\/a-deuxmains.com\/index.php\/wp-json\/wp\/v2\/media?parent=223"}],"curies":[{"name":"wp","href":"https:\/\/api.w.org\/{rel}","templated":true}]}}