{"id":2,"date":"2019-04-11T17:43:25","date_gmt":"2019-04-11T15:43:25","guid":{"rendered":"http:\/\/a-deuxmains.com\/?page_id=2"},"modified":"2021-04-22T16:09:00","modified_gmt":"2021-04-22T14:09:00","slug":"bienvenue-chez-a-deux-mains-angers","status":"publish","type":"page","link":"https:\/\/a-deuxmains.com\/","title":{"rendered":"Bienvenue chez \u00e0 deux mains"},"content":{"rendered":"\n<p>Un espace <strong>massage<\/strong> sur Angers d\u00e9di\u00e9 au bien-\u00eatre des femmes et des hommes.<br><strong>Sur RDV<\/strong> en apr\u00e8s-midi &amp; soir\u00e9es du lundi au vendredi (matins et samedi-dimanche sur demande) !<br>Un univers zen, un cadre agr\u00e9able, une musique douce, des huiles essentielles pour relaxer, pour la r\u00e9cup\u00e9ration apr\u00e8s-sport ou bien pour tonifier \ud83d\udcaa <br><em>Avec un don authentique pour le contact humain, la volont\u00e9 d\u2019offrir du bien-\u00eatre<\/em> \ud83d\ude4f<\/p>\n\n\n<script type=\"text\/javascript\">\r\ndocument.addEventListener(\"DOMContentLoaded\", function(event) { \r\n\tjQuery( '#slider-pro-3-215' ).sliderPro({\r\n\t\t\/\/width\r\n\t\t\t\twidth: \"100%\",\r\n\t\t\t\t\r\n\t\t\/\/height\r\n\t\t\t\theight: 500,\r\n\t\t\t\t\r\n\t\t\/\/autoplay\r\n\t\t\t\tautoplay:  true,\r\n\t\tautoplayOnHover: 'none',\r\n\t\t\t\t\t\t\t\tautoplayDelay: 5000,\r\n\t\t\r\n\t\t\r\n\t\tarrows: true,\r\n\t\tbuttons: true,\r\n\t\tsmallSize: 500,\r\n\t\tmediumSize: 1000,\r\n\t\tlargeSize: 3000,\r\n\t\tfade: true,\r\n\t\t\r\n\t\t\/\/thumbnail\r\n\t\tthumbnailArrows: true,\r\n\t\tthumbnailWidth: 120,\r\n\t\tthumbnailHeight: 120,\r\n\t\t\t\t\t\tthumbnailsPosition: 'bottom',\r\n\t\t\t\t\t\tcenterImage: true,\r\n\t\timageScaleMode: 'cover',\r\n\t\tallowScaleUp: true,\r\n\t\t\t\tstartSlide: 0,\r\n\t\tloop: true,\r\n\t\tslideDistance: 5,\r\n\t\tautoplayDirection: 'normal',\r\n\t\ttouchSwipe: true,\r\n\t\tfullScreen: true,\r\n\t});\r\n});\r\n<\/script>\r\n<style>\r\n\/* Layout 3 *\/\r\n\/* border *\/\r\n#slider-pro-3-215 .sp-selected-thumbnail {\r\n\tborder: 4px solid #000000;\r\n}\r\n\r\n\/* font + color *\/\r\n.title-in  {\r\n\tfont-family: Arial !important;\r\n\tcolor: #FFFFFF !important;\r\n\tbackground-color: #000000 !important;\r\n\topacity: 0.7 !important;\r\n}\r\n.desc-in  {\r\n\tfont-family: Arial !important;\r\n\tcolor: #FFFFFF !important;\r\n\tbackground-color: #00000 !important;\r\n\topacity: 0.7 !important;\r\n}\r\n\r\n\/* bullets color *\/\r\n.sp-button  {\r\n\tborder: 2px solid #000000 !important;\r\n}\r\n.sp-selected-button  {\r\n\tbackground-color: #000000 !important;\r\n}\r\n\r\n\/* pointer color - bottom *\/\r\n.sp-selected-thumbnail::before {\r\n\tborder-bottom: 5px solid #000000 !important;\r\n}\r\n.sp-selected-thumbnail::after {\r\n\tborder-bottom: 13px solid #000000 !important;\r\n}\r\n\r\n\/* pointer color - top *\/\r\n\r\n\/* full screen icon *\/\r\n.sp-full-screen-button::before {\r\n    color: #FFFFFF !important;\r\n}\r\n\r\n\/* hover navigation icon color *\/\r\n.sp-next-arrow::after, .sp-next-arrow::before {\r\n\tbackground-color: #FFFFFF !important;\r\n}\r\n.sp-previous-arrow::after, .sp-previous-arrow::before {\r\n\tbackground-color: #FFFFFF !important;\r\n}\r\n\r\n#slider-pro-3-215 .title-in {\r\n\tcolor: #FFFFFF !important;\r\n\tfont-weight: bolder;\r\n\ttext-align: center;\r\n}\r\n\r\n#slider-pro-3-215 .title-in-bg {\r\n\tbackground: rgba(255, 255, 255, 0.7); !important;\r\n\twhite-space: unset !important;\r\n\tmax-width: 90%;\r\n\tmin-width: 40%;\r\n\ttransform: initial !important;\r\n\t-webkit-transform: initial !important;\r\n\tfont-size: 14px !important;\r\n}\r\n\r\n#slider-pro-3-215 .desc-in {\r\n\tcolor: #FFFFFF !important;\r\n\ttext-align: center;\r\n}\r\n#slider-pro-3-215 .desc-in-bg {\r\n\tbackground: rgba(#00000, 0.7) !important;\r\n\twhite-space: unset !important;\r\n\twidth: 80% !important;\r\n\tmin-width: 30%;\r\n\ttransform: initial !important;\r\n\t-webkit-transform: initial !important;\r\n\tfont-size: 13px !important;\r\n}\r\n\r\n@media (max-width: 640px) {\r\n\t#slider-pro-3-215 .hide-small-screen {\r\n\t\tdisplay: none;\r\n\t}\r\n}\r\n\r\n@media (max-width: 860px) {\r\n\t#slider-pro-3-215 .sp-layer {\r\n\t\tfont-size: 18px;\r\n\t}\r\n\t\r\n\t#slider-pro-3-215 .hide-medium-screen {\r\n\t\tdisplay: none;\r\n\t}\r\n}\r\n.slides-not-found {\r\n\tbackground-color: #a92929;\r\n\tborder-radius: 5px;\r\n\tcolor: #fff;\r\n\tfont-family: initial;\r\n\ttext-align: center;\r\n\tpadding:12px;\r\n}\r\n\/* Custom CSS *\/\r\n<\/style>\r\n\t\t<div id=\"slider-pro-3-215\" class=\"slider-pro\">\r\n\t\t\t<!---- slides div start ---->\r\n\t\t\t<div class=\"sp-slides\">\r\n\t\t\t\t\t\t\t\t\t\t<div class=\"sp-slide\">\r\n\t\t\t\t\t\t\t<img class=\"sp-image\" alt=\"Cabinet massage 1\" src=\"https:\/\/a-deuxmains.com\/wp-content\/plugins\/ultimate-responsive-image-slider\/assets\/css\/images\/blank.gif\" data-src=\"https:\/\/a-deuxmains.com\/wp-content\/uploads\/2021\/01\/DSC03950-scaled.jpg\" \/>\r\n\r\n\t\t\t\t\t\t\t\r\n\t\t\t\t\t\t\t\t\t\t\t\t\t<\/div>\r\n\t\t\t\t\t\t\t\t\t\t\t\t<div class=\"sp-slide\">\r\n\t\t\t\t\t\t\t<img class=\"sp-image\" alt=\"Cabinet massage 2\" src=\"https:\/\/a-deuxmains.com\/wp-content\/plugins\/ultimate-responsive-image-slider\/assets\/css\/images\/blank.gif\" data-src=\"https:\/\/a-deuxmains.com\/wp-content\/uploads\/2021\/01\/DSC03958-scaled.jpg\" \/>\r\n\r\n\t\t\t\t\t\t\t\r\n\t\t\t\t\t\t\t\t\t\t\t\t\t<\/div>\r\n\t\t\t\t\t\t\t\t\t\t\t\t<div class=\"sp-slide\">\r\n\t\t\t\t\t\t\t<img class=\"sp-image\" alt=\"Cabinet massage 3\" src=\"https:\/\/a-deuxmains.com\/wp-content\/plugins\/ultimate-responsive-image-slider\/assets\/css\/images\/blank.gif\" data-src=\"https:\/\/a-deuxmains.com\/wp-content\/uploads\/2021\/01\/DSC03953-scaled.jpg\" \/>\r\n\r\n\t\t\t\t\t\t\t\r\n\t\t\t\t\t\t\t\t\t\t\t\t\t<\/div>\r\n\t\t\t\t\t\t\t\t\t\t\t\t<div class=\"sp-slide\">\r\n\t\t\t\t\t\t\t<img class=\"sp-image\" alt=\"PhotoZen\" src=\"https:\/\/a-deuxmains.com\/wp-content\/plugins\/ultimate-responsive-image-slider\/assets\/css\/images\/blank.gif\" data-src=\"https:\/\/a-deuxmains.com\/wp-content\/uploads\/2021\/01\/PhotoZen.jpg\" \/>\r\n\r\n\t\t\t\t\t\t\t\r\n\t\t\t\t\t\t\t\t\t\t\t\t\t<\/div>\r\n\t\t\t\t\t\t\t\t\t<\/div>\r\n\t\t\t\r\n\t\t\t<!---- slides div end ---->\r\n\t\t\t\t\t\t<!-- slides thumbnails div end -->\r\n\t\t<\/div>\r\n\n","protected":false},"excerpt":{"rendered":"<p>Un espace massage sur Angers d\u00e9di\u00e9 au bien-\u00eatre des femmes et des hommes.Sur RDV en apr\u00e8s-midi &amp; soir\u00e9es du lundi au vendredi (matins et samedi-dimanche sur demande) !Un univers zen, un cadre agr\u00e9able, une musique douce, des huiles essentielles pour relaxer, pour la r\u00e9cup\u00e9ration apr\u00e8s-sport ou bien pour tonifier \ud83d\udcaa Avec un don authentique pour &hellip; <\/p>\n<p class=\"link-more\"><a href=\"https:\/\/a-deuxmains.com\/?ris_gallery=sliderhome\" class=\"more-link\">Continuer la lecture<span class=\"screen-reader-text\"> de &laquo;&nbsp;sliderHome&nbsp;&raquo;<\/span><\/a><\/p>\n","protected":false},"author":1,"featured_media":0,"parent":0,"menu_order":0,"comment_status":"closed","ping_status":"open","template":"","meta":[],"yoast_head":"<!-- This site is optimized with the Yoast SEO plugin v15.7 - https:\/\/yoast.com\/wordpress\/plugins\/seo\/ -->\n<title>Bienvenue chez \u00e0 deux mains | A-deuxmains<\/title>\n<meta name=\"description\" content=\"Sur rdv, massage sportif, relaxant, ayurv\u00e9dique ou sp\u00e9cifique, au choix ! Un lieu chaleureux consacr\u00e9 au bien-\u00eatre des femmes &amp; hommes sur Angers. Diff\u00e9rents soins sont propos\u00e9s \u00e0 tout type de client\u00e8le (sportifs pour \u00e9nergiser\/r\u00e9cup\u00e9rer, anti-stress pour commerciaux, etc..)\" \/>\n<meta name=\"robots\" content=\"index, follow, max-snippet:-1, max-image-preview:large, max-video-preview:-1\" \/>\n<link rel=\"canonical\" href=\"https:\/\/a-deuxmains.com\/\" \/>\n<meta property=\"og:locale\" content=\"fr_FR\" \/>\n<meta property=\"og:type\" content=\"article\" \/>\n<meta property=\"og:title\" content=\"Bienvenue chez \u00e0 deux mains | A-deuxmains\" \/>\n<meta property=\"og:description\" content=\"Sur rdv, massage sportif, relaxant, ayurv\u00e9dique ou sp\u00e9cifique, au choix ! Un lieu chaleureux consacr\u00e9 au bien-\u00eatre des femmes &amp; hommes sur Angers. Diff\u00e9rents soins sont propos\u00e9s \u00e0 tout type de client\u00e8le (sportifs pour \u00e9nergiser\/r\u00e9cup\u00e9rer, anti-stress pour commerciaux, etc..)\" \/>\n<meta property=\"og:url\" content=\"https:\/\/a-deuxmains.com\/\" \/>\n<meta property=\"og:site_name\" content=\"A-deuxmains\" \/>\n<meta property=\"article:publisher\" content=\"https:\/\/www.facebook.com\/A.2mains.Angers\" \/>\n<meta property=\"article:modified_time\" content=\"2021-04-22T14:09:00+00:00\" \/>\n<meta name=\"twitter:card\" content=\"summary_large_image\" \/>\n<meta name=\"twitter:label1\" content=\"Dur\u00e9e de lecture est.\">\n\t<meta name=\"twitter:data1\" content=\"1 minute\">\n<script type=\"application\/ld+json\" class=\"yoast-schema-graph\">{\"@context\":\"https:\/\/schema.org\",\"@graph\":[{\"@type\":[\"Person\",\"Organization\"],\"@id\":\"https:\/\/a-deuxmains.com\/#\/schema\/person\/679ace79d95d565a174117144a1cd9ae\",\"name\":\"admin5942\",\"image\":{\"@type\":\"ImageObject\",\"@id\":\"https:\/\/a-deuxmains.com\/#personlogo\",\"inLanguage\":\"fr-FR\",\"url\":\"https:\/\/secure.gravatar.com\/avatar\/5727d1984926e731201bf5ae98d8d6e2?s=96&d=mm&r=g\",\"caption\":\"admin5942\"},\"logo\":{\"@id\":\"https:\/\/a-deuxmains.com\/#personlogo\"},\"description\":\"Form\\u00e9 depuis 2003, J\\u00e9r\\u00e9mie vous assurera une prestation de qualit\\u00e9 en tant que masseur pro. Du massage pour sportif (\\u00e9nergisant ou r\\u00e9cup\\u00e9rateur) au massage relaxant, divers forfaits propos\\u00e9s pour soulager les tensions et lutter contre le mal de dos, ventre, genou, migraine, torticolis, etc... Dans un espace bien-\\u00eatre convivial sur Angers pour femmes et hommes, re\\u00e7oit sur rdv 13h-20h du lundi au vendredi (matin et samedi-dimanche sur demande).\",\"sameAs\":[\"https:\/\/www.facebook.com\/A.2mains.Angers\"]},{\"@type\":\"WebSite\",\"@id\":\"https:\/\/a-deuxmains.com\/#website\",\"url\":\"https:\/\/a-deuxmains.com\/\",\"name\":\"A-deuxmains\",\"description\":\"Votre bien-\\u00eatre | Du massage relaxant au sp\\u00e9cial sportif | Angers\",\"publisher\":{\"@id\":\"https:\/\/a-deuxmains.com\/#\/schema\/person\/679ace79d95d565a174117144a1cd9ae\"},\"potentialAction\":[{\"@type\":\"SearchAction\",\"target\":\"https:\/\/a-deuxmains.com\/?s={search_term_string}\",\"query-input\":\"required name=search_term_string\"}],\"inLanguage\":\"fr-FR\"},{\"@type\":\"WebPage\",\"@id\":\"https:\/\/a-deuxmains.com\/#webpage\",\"url\":\"https:\/\/a-deuxmains.com\/\",\"name\":\"Bienvenue chez \\u00e0 deux mains | A-deuxmains\",\"isPartOf\":{\"@id\":\"https:\/\/a-deuxmains.com\/#website\"},\"datePublished\":\"2019-04-11T15:43:25+00:00\",\"dateModified\":\"2021-04-22T14:09:00+00:00\",\"description\":\"Sur rdv, massage sportif, relaxant, ayurv\\u00e9dique ou sp\\u00e9cifique, au choix ! Un lieu chaleureux consacr\\u00e9 au bien-\\u00eatre des femmes & hommes sur Angers. Diff\\u00e9rents soins sont propos\\u00e9s \\u00e0 tout type de client\\u00e8le (sportifs pour \\u00e9nergiser\/r\\u00e9cup\\u00e9rer, anti-stress pour commerciaux, etc..)\",\"inLanguage\":\"fr-FR\",\"potentialAction\":[{\"@type\":\"ReadAction\",\"target\":[\"https:\/\/a-deuxmains.com\/\"]}]}]}<\/script>\n<!-- \/ Yoast SEO plugin. -->","_links":{"self":[{"href":"https:\/\/a-deuxmains.com\/index.php\/wp-json\/wp\/v2\/pages\/2"}],"collection":[{"href":"https:\/\/a-deuxmains.com\/index.php\/wp-json\/wp\/v2\/pages"}],"about":[{"href":"https:\/\/a-deuxmains.com\/index.php\/wp-json\/wp\/v2\/types\/page"}],"author":[{"embeddable":true,"href":"https:\/\/a-deuxmains.com\/index.php\/wp-json\/wp\/v2\/users\/1"}],"replies":[{"embeddable":true,"href":"https:\/\/a-deuxmains.com\/index.php\/wp-json\/wp\/v2\/comments?post=2"}],"version-history":[{"count":33,"href":"https:\/\/a-deuxmains.com\/index.php\/wp-json\/wp\/v2\/pages\/2\/revisions"}],"predecessor-version":[{"id":288,"href":"https:\/\/a-deuxmains.com\/index.php\/wp-json\/wp\/v2\/pages\/2\/revisions\/288"}],"wp:attachment":[{"href":"https:\/\/a-deuxmains.com\/index.php\/wp-json\/wp\/v2\/media?parent=2"}],"curies":[{"name":"wp","href":"https:\/\/api.w.org\/{rel}","templated":true}]}}