{"id":186,"date":"2021-01-15T14:21:11","date_gmt":"2021-01-15T13:21:11","guid":{"rendered":"http:\/\/a-deuxmains.com\/?page_id=186"},"modified":"2021-11-12T20:43:20","modified_gmt":"2021-11-12T19:43:20","slug":"les-temoignages","status":"publish","type":"page","link":"https:\/\/a-deuxmains.com\/index.php\/les-temoignages\/","title":{"rendered":"Les t\u00e9moignages"},"content":{"rendered":"\n<div class=\"wp-block-media-text alignwide is-stacked-on-mobile is-image-fill\" style=\"grid-template-columns:24% auto\"><figure class=\"wp-block-media-text__media\" style=\"background-image:url(http:\/\/a-deuxmains.com\/wp-content\/uploads\/2019\/04\/10906154_793371767394741_2814619207756174419_n.jpg);background-position:46% 34%\"><img loading=\"lazy\" width=\"540\" height=\"941\" src=\"http:\/\/a-deuxmains.com\/wp-content\/uploads\/2019\/04\/10906154_793371767394741_2814619207756174419_n.jpg\" alt=\"Guesch Patti\" class=\"wp-image-108 size-full\" srcset=\"https:\/\/a-deuxmains.com\/wp-content\/uploads\/2019\/04\/10906154_793371767394741_2814619207756174419_n.jpg 540w, https:\/\/a-deuxmains.com\/wp-content\/uploads\/2019\/04\/10906154_793371767394741_2814619207756174419_n-172x300.jpg 172w\" sizes=\"(max-width: 540px) 100vw, 540px\" \/><\/figure><div class=\"wp-block-media-text__content\">\n<p>Retrouver le souffle d&rsquo;une jeunesse dans une soci\u00e9t\u00e9 pesante et oppressante&#8230; <br>Les mains de J\u00e9r\u00e9mie : <br>Sont \u00e9nergisantes <br>Calment les points de tensions&nbsp; <br>Lib\u00e8rent l&rsquo;\u00e9motion. <br><br>\u00ab <strong>Apr\u00e8s l&rsquo;effort vient l&rsquo;apaisement lib\u00e9rateur<\/strong> \u00bb<\/p>\n\n\n\n<p class=\"has-small-font-size\"><em><a rel=\"noreferrer noopener\" href=\"https:\/\/www.facebook.com\/gueschpattiofficial\/\" target=\"_blank\">Guesch Patti (Artiste)<\/a><\/em>      25\/01\/2021<\/p>\n<\/div><\/div>\n\n\n\n<div style=\"height:20px\" aria-hidden=\"true\" class=\"wp-block-spacer\"><\/div>\n\n\n\n<div class=\"wp-block-media-text alignwide is-stacked-on-mobile\" style=\"grid-template-columns:24% auto\"><figure class=\"wp-block-media-text__media\"><img loading=\"lazy\" width=\"540\" height=\"941\" src=\"http:\/\/a-deuxmains.com\/wp-content\/uploads\/2019\/04\/228435_1027351921701_7321_n.jpg\" alt=\"Hamza karat\u00e9ka\" class=\"wp-image-119 size-full\" srcset=\"https:\/\/a-deuxmains.com\/wp-content\/uploads\/2019\/04\/228435_1027351921701_7321_n.jpg 540w, https:\/\/a-deuxmains.com\/wp-content\/uploads\/2019\/04\/228435_1027351921701_7321_n-172x300.jpg 172w\" sizes=\"(max-width: 540px) 100vw, 540px\" \/><\/figure><div class=\"wp-block-media-text__content\">\n<p>J\u2019ai rencontr\u00e9 J\u00e9r\u00e9mie en 2010 apr\u00e8s sa 1ere formation en massage sportif, lorsque j\u2019\u00e9tais Karat\u00e9ka de haut niveau. Je m\u2019entra\u00eenais tous les jours. Les tensions musculaires, courbatures, fatigues \u00e9taient mon quotidien. Mon corps avait besoin d\u2019une personne suppl\u00e9mentaire pour m\u2019aider a r\u00e9cup\u00e9rer. J\u00e9r\u00e9mie, s\u2019occupait de moi quelques jours avant les grandes \u00e9ch\u00e9ances (comp\u00e9titions nationales, et internationales). 48h a 72h avant la comp\u00e9tition ,les s\u00e9ances de massages \u00e9taient b\u00e9n\u00e9fiques pour moi puisque le jour de la comp\u00e9tition j\u2019avais le sensation d\u2019\u00eatre un nouveau-n\u00e9, rel\u00e2ch\u00e9 , fluide sans aucune fatigue musculaire. Il compl\u00e8te le travail du coach et de l\u2019\u00e9quipe soignante. Apr\u00e8s la comp\u00e9tition, beaucoup de fatigue cumul\u00e9e dans le weekend, J\u00e9r\u00e9mie avait \u00e9galement la t\u00e2che de me soulager apr\u00e8s les efforts, cela me permettait de r\u00e9cup\u00e9rer plus rapidement, efficient comme s\u00e9ance. Je recommande sans h\u00e9sitation \u00e0 tous les sportifs de passer par ses 2 grandes mains. Merci encore de ta disponibilit\u00e9 et de ta gentillesse. A bient\u00f4t<\/p>\n\n\n\n<p class=\"has-small-font-size\"><em>Hamza K. (Ex vice-champion de France de karat\u00e9)<\/em>    22\/12\/2020<\/p>\n<\/div><\/div>\n\n\n\n<div style=\"height:20px\" aria-hidden=\"true\" class=\"wp-block-spacer\"><\/div>\n\n\n\n<div class=\"wp-block-media-text alignwide is-stacked-on-mobile\" style=\"grid-template-columns:24% auto\"><figure class=\"wp-block-media-text__media\"><img loading=\"lazy\" width=\"720\" height=\"720\" src=\"http:\/\/a-deuxmains.com\/wp-content\/uploads\/2021\/01\/alphabet-2082529_960_720.png\" alt=\"\" class=\"wp-image-276 size-full\" srcset=\"https:\/\/a-deuxmains.com\/wp-content\/uploads\/2021\/01\/alphabet-2082529_960_720.png 720w, https:\/\/a-deuxmains.com\/wp-content\/uploads\/2021\/01\/alphabet-2082529_960_720-300x300.png 300w, https:\/\/a-deuxmains.com\/wp-content\/uploads\/2021\/01\/alphabet-2082529_960_720-150x150.png 150w, https:\/\/a-deuxmains.com\/wp-content\/uploads\/2021\/01\/alphabet-2082529_960_720-100x100.png 100w\" sizes=\"(max-width: 720px) 100vw, 720px\" \/><\/figure><div class=\"wp-block-media-text__content\">\n<p>Exp\u00e9rience incroyable. Migraine, mal de dos, c\u2019est parfait pour une exp\u00e9rience de d\u00e9tente et de soin de qualit\u00e9.<\/p>\n\n\n\n<p class=\"has-small-font-size\"><em>Le\u00efla O.   <\/em>   11\/01\/2021<\/p>\n\n\n\n<p><\/p>\n<\/div><\/div>\n\n\n\n<div style=\"height:20px\" aria-hidden=\"true\" class=\"wp-block-spacer\"><\/div>\n\n\n\n<div class=\"wp-block-media-text alignwide is-stacked-on-mobile\" style=\"grid-template-columns:24% auto\"><figure class=\"wp-block-media-text__media\"><img loading=\"lazy\" width=\"427\" height=\"423\" src=\"http:\/\/a-deuxmains.com\/wp-content\/uploads\/2021\/11\/81204455_1363828003795625_8944045325476167680_n.jpg\" alt=\"\" class=\"wp-image-322 size-full\" srcset=\"https:\/\/a-deuxmains.com\/wp-content\/uploads\/2021\/11\/81204455_1363828003795625_8944045325476167680_n.jpg 427w, https:\/\/a-deuxmains.com\/wp-content\/uploads\/2021\/11\/81204455_1363828003795625_8944045325476167680_n-300x297.jpg 300w, https:\/\/a-deuxmains.com\/wp-content\/uploads\/2021\/11\/81204455_1363828003795625_8944045325476167680_n-150x150.jpg 150w, https:\/\/a-deuxmains.com\/wp-content\/uploads\/2021\/11\/81204455_1363828003795625_8944045325476167680_n-100x100.jpg 100w\" sizes=\"(max-width: 427px) 100vw, 427px\" \/><\/figure><div class=\"wp-block-media-text__content\">\n<p>Excellente Prestation . J&rsquo;ai fait un massage sportif , adapt\u00e9 \u00e0 chaque personne et le temps est pris pour le travail \u00e0 faire . Une personne passionn\u00e9e et tr\u00e8s humain . N&rsquo;h\u00e9sitez pas \u00e0 aller d\u00e9couvrir , vous ne serez pas d\u00e9\u00e7u.<\/p>\n\n\n\n<p class=\"has-small-font-size\"><em>Gwennoal A. (comp\u00e9titeur Jujitsu Br\u00e9silien &amp; Ne-waza<\/em>)     12\/11\/2021<\/p>\n<\/div><\/div>\n\n\n\n<div style=\"height:20px\" aria-hidden=\"true\" class=\"wp-block-spacer\"><\/div>\n\n\n\n<div class=\"wp-block-media-text alignwide is-stacked-on-mobile\" style=\"grid-template-columns:24% auto\"><figure class=\"wp-block-media-text__media\"><img loading=\"lazy\" width=\"1024\" height=\"1024\" src=\"http:\/\/a-deuxmains.com\/wp-content\/uploads\/2021\/02\/alphabet-2082558_1920-1024x1024.png\" alt=\"\" class=\"wp-image-290 size-full\" srcset=\"https:\/\/a-deuxmains.com\/wp-content\/uploads\/2021\/02\/alphabet-2082558_1920-1024x1024.png 1024w, https:\/\/a-deuxmains.com\/wp-content\/uploads\/2021\/02\/alphabet-2082558_1920-300x300.png 300w, https:\/\/a-deuxmains.com\/wp-content\/uploads\/2021\/02\/alphabet-2082558_1920-150x150.png 150w, https:\/\/a-deuxmains.com\/wp-content\/uploads\/2021\/02\/alphabet-2082558_1920-768x768.png 768w, https:\/\/a-deuxmains.com\/wp-content\/uploads\/2021\/02\/alphabet-2082558_1920-1536x1536.png 1536w, https:\/\/a-deuxmains.com\/wp-content\/uploads\/2021\/02\/alphabet-2082558_1920-100x100.png 100w, https:\/\/a-deuxmains.com\/wp-content\/uploads\/2021\/02\/alphabet-2082558_1920.png 1920w\" sizes=\"(max-width: 767px) 89vw, (max-width: 1000px) 54vw, (max-width: 1071px) 543px, 580px\" \/><\/figure><div class=\"wp-block-media-text__content\">\n<p>Bravo \u00e0 J\u00e9r\u00e9mie pour son professionnalisme et ton \u00e9nergie et ta douceur dans le massage. J ai vraiment ador\u00e9, et le contact \u00e0 tr\u00e8s bien pass\u00e9. Des que je retourne sur Angers je ferai une halte sans probl\u00e8me. Merci beaucoup, Dominique<\/p>\n\n\n\n<p class=\"has-small-font-size\"><em>Dominique P.<\/em>      07\/02\/2021<\/p>\n<\/div><\/div>\n\n\n\n<div style=\"height:20px\" aria-hidden=\"true\" class=\"wp-block-spacer\"><\/div>\n\n\n\n<div class=\"wp-block-media-text alignwide is-stacked-on-mobile is-vertically-aligned-top\" style=\"grid-template-columns:25% auto\"><figure class=\"wp-block-media-text__media\"><img loading=\"lazy\" width=\"1024\" height=\"682\" src=\"http:\/\/a-deuxmains.com\/wp-content\/uploads\/2021\/11\/Souk2-1024x682-1.jpeg\" alt=\"\" class=\"wp-image-317 size-full\" srcset=\"https:\/\/a-deuxmains.com\/wp-content\/uploads\/2021\/11\/Souk2-1024x682-1.jpeg 1024w, https:\/\/a-deuxmains.com\/wp-content\/uploads\/2021\/11\/Souk2-1024x682-1-300x200.jpeg 300w, https:\/\/a-deuxmains.com\/wp-content\/uploads\/2021\/11\/Souk2-1024x682-1-768x512.jpeg 768w\" sizes=\"(max-width: 767px) 89vw, (max-width: 1000px) 54vw, (max-width: 1071px) 543px, 580px\" \/><\/figure><div class=\"wp-block-media-text__content\">\n<p>Une grande disponibilit\u00e9, un accueil chaleureux et tr\u00e8s humain. J&rsquo;ai effectu\u00e9 un massage sportifs, une prestation qu&rsquo;il personalise selon les sports pratiquer et les objectifs.<br>Vraiment une tr\u00e8s bonne adresse.<\/p>\n\n\n\n<p class=\"has-small-font-size\"><em>Souk Khampasath<\/em>, prof. &amp; comp\u00e9titeur JJB\/MMA     11\/11\/2021<\/p>\n\n\n\n<p><\/p>\n<\/div><\/div>\n\n\n\n<div class=\"wp-block-media-text alignwide is-stacked-on-mobile\" style=\"grid-template-columns:24% auto\"><figure class=\"wp-block-media-text__media\"><img loading=\"lazy\" width=\"720\" height=\"720\" src=\"http:\/\/a-deuxmains.com\/wp-content\/uploads\/2021\/01\/alphabet-2082488_960_720.png\" alt=\"\" class=\"wp-image-274 size-full\" srcset=\"https:\/\/a-deuxmains.com\/wp-content\/uploads\/2021\/01\/alphabet-2082488_960_720.png 720w, https:\/\/a-deuxmains.com\/wp-content\/uploads\/2021\/01\/alphabet-2082488_960_720-300x300.png 300w, https:\/\/a-deuxmains.com\/wp-content\/uploads\/2021\/01\/alphabet-2082488_960_720-150x150.png 150w, https:\/\/a-deuxmains.com\/wp-content\/uploads\/2021\/01\/alphabet-2082488_960_720-100x100.png 100w\" sizes=\"(max-width: 720px) 100vw, 720px\" \/><\/figure><div class=\"wp-block-media-text__content\">\n<p>J\u2019ai pu b\u00e9n\u00e9ficier d\u2019un massage du dos pour une douleur au niveau de l\u2019omoplate qui remontait jusqu\u2019au cou.<br>J\u00e9r\u00e9mie a su me soulager rapidement gr\u00e2ce \u00e0 la magie de ses mains. J\u2019ai retrouv\u00e9 la mobilit\u00e9 de mon cou et plus de blocages depuis.<br>Je vous le recommande sans h\u00e9sitation!<\/p>\n\n\n\n<p class=\"has-small-font-size\"><em>Shoogy Shoog<\/em>     31\/03\/2021<\/p>\n<\/div><\/div>\n\n\n\n<div style=\"height:20px\" aria-hidden=\"true\" class=\"wp-block-spacer\"><\/div>\n\n\n\n<div class=\"wp-block-media-text alignwide is-stacked-on-mobile is-vertically-aligned-top\" style=\"grid-template-columns:24% auto\"><figure class=\"wp-block-media-text__media\"><img loading=\"lazy\" width=\"541\" height=\"941\" src=\"http:\/\/a-deuxmains.com\/wp-content\/uploads\/2019\/04\/Franck-judo.jpg\" alt=\"\" class=\"wp-image-121 size-full\" srcset=\"https:\/\/a-deuxmains.com\/wp-content\/uploads\/2019\/04\/Franck-judo.jpg 541w, https:\/\/a-deuxmains.com\/wp-content\/uploads\/2019\/04\/Franck-judo-172x300.jpg 172w\" sizes=\"(max-width: 541px) 100vw, 541px\" \/><\/figure><div class=\"wp-block-media-text__content\">\n<p>Comp\u00e9titeur de judo, je cherchais une solution pour optimiser mon physique lors de mes comp\u00e9titions. J\u2019ai tent\u00e9 le massage sportif aupr\u00e8s de J\u00e9r\u00e9mie, la veille d\u2019une comp\u00e9tition. Apr\u00e8s un massage tonique et cibl\u00e9, je fus agr\u00e9ablement surpris car \u00e0 peine descendu de la table de massage, je sentais mes jambes plus l\u00e9g\u00e8res et concr\u00e8tement plus v\u00e9loces. De plus, j\u2019ai essay\u00e9 le massage r\u00e9cup suite \u00e0 une comp\u00e8t. L\u2019intensit\u00e9 et les techniques de J\u00e9r\u00e9mie \u00e9taient tellement adapt\u00e9es \u00e0 ma demande que mes courbatures s\u2019effa\u00e7aient au fur et \u00e0 mesure. Je pouvais ainsi me relancer plus rapidement dans un entra\u00eenement soutenu. Depuis, j\u2019ai arr\u00eat\u00e9 la comp\u00e8t de judo mais j\u2019utilise toujours ses services pour optimiser ou r\u00e9cup\u00e9rer de mes trails VTT ou course \u00e0 pieds. <\/p>\n\n\n\n<p class=\"has-small-font-size\"><em>Franck D. (Coach sportif &amp; professeur de judo)<\/em>     19\/01\/2021<\/p>\n\n\n\n<p><\/p>\n<\/div><\/div>\n\n\n\n<div class=\"wp-block-media-text alignwide is-stacked-on-mobile\" style=\"grid-template-columns:24% auto\"><figure class=\"wp-block-media-text__media\"><img loading=\"lazy\" width=\"1024\" height=\"1024\" src=\"http:\/\/a-deuxmains.com\/wp-content\/uploads\/2021\/11\/alphabet-g5a60344b1_1920-1024x1024.png\" alt=\"\" class=\"wp-image-309 size-full\" srcset=\"https:\/\/a-deuxmains.com\/wp-content\/uploads\/2021\/11\/alphabet-g5a60344b1_1920-1024x1024.png 1024w, https:\/\/a-deuxmains.com\/wp-content\/uploads\/2021\/11\/alphabet-g5a60344b1_1920-300x300.png 300w, https:\/\/a-deuxmains.com\/wp-content\/uploads\/2021\/11\/alphabet-g5a60344b1_1920-150x150.png 150w, https:\/\/a-deuxmains.com\/wp-content\/uploads\/2021\/11\/alphabet-g5a60344b1_1920-768x768.png 768w, https:\/\/a-deuxmains.com\/wp-content\/uploads\/2021\/11\/alphabet-g5a60344b1_1920-1536x1536.png 1536w, https:\/\/a-deuxmains.com\/wp-content\/uploads\/2021\/11\/alphabet-g5a60344b1_1920-100x100.png 100w, https:\/\/a-deuxmains.com\/wp-content\/uploads\/2021\/11\/alphabet-g5a60344b1_1920.png 1920w\" sizes=\"(max-width: 767px) 89vw, (max-width: 1000px) 54vw, (max-width: 1071px) 543px, 580px\" \/><\/figure><div class=\"wp-block-media-text__content\">\n<p>Une grande disponibilit\u00e9, un accueil chaleureux et tr\u00e8s humain. Une prise en compte de la personne dans sa globalit\u00e9. Un massage adapt\u00e9 \u00e0 la personne et \u00e0 ses besoins m\u00eame ceux non verbalis\u00e9s.<br>Vraiment une tr\u00e8s bonne adresse.<\/p>\n\n\n\n<p class=\"has-small-font-size\"><em>Beno\u00ee T\u00e0s Tet<\/em>     20\/10\/2021<\/p>\n<\/div><\/div>\n\n\n\n<div class=\"wp-block-media-text alignwide is-stacked-on-mobile\" style=\"grid-template-columns:24% auto\"><figure class=\"wp-block-media-text__media\"><img loading=\"lazy\" width=\"372\" height=\"394\" src=\"http:\/\/a-deuxmains.com\/wp-content\/uploads\/2021\/04\/11066505_604017459735200_9053427505370119873_b.jpg\" alt=\"\" class=\"wp-image-300 size-full\" srcset=\"https:\/\/a-deuxmains.com\/wp-content\/uploads\/2021\/04\/11066505_604017459735200_9053427505370119873_b.jpg 372w, https:\/\/a-deuxmains.com\/wp-content\/uploads\/2021\/04\/11066505_604017459735200_9053427505370119873_b-283x300.jpg 283w\" sizes=\"(max-width: 372px) 100vw, 372px\" \/><\/figure><div class=\"wp-block-media-text__content\">\n<p><\/p>\n\n\n\n<p>Il fut un temps o\u00f9 J\u00e9r\u00e9mie me suivait de tr\u00e8s pr\u00e8s sur le plan sportif. J&rsquo;ai eu la chance de b\u00e9n\u00e9ficier de quasiment l&rsquo;ensemble de ses services propos\u00e9s sur plusieurs ann\u00e9es. J\u00e9r\u00e9mie maitrise vraiment son domaine et propose des massages ainsi que des soins d&rsquo;une grande qualit\u00e9! Je me ferai un plaisir de r\u00e9server \u00e0 nouveau quelques cr\u00e9neaux \u00e0 mon retour \u00e0 Angers. \u00c1 Bient\u00f4t!<\/p>\n\n\n\n<p class=\"has-small-font-size\"><em>Ilias G.<\/em>      22\/04\/2021<\/p>\n\n\n\n<p><\/p>\n<\/div><\/div>\n\n\n\n<div class=\"wp-block-media-text alignwide is-stacked-on-mobile\" style=\"grid-template-columns:24% auto\"><figure class=\"wp-block-media-text__media\"><img loading=\"lazy\" width=\"720\" height=\"720\" src=\"http:\/\/a-deuxmains.com\/wp-content\/uploads\/2021\/01\/alphabet-2082488_960_720.png\" alt=\"\" class=\"wp-image-274 size-full\" srcset=\"https:\/\/a-deuxmains.com\/wp-content\/uploads\/2021\/01\/alphabet-2082488_960_720.png 720w, https:\/\/a-deuxmains.com\/wp-content\/uploads\/2021\/01\/alphabet-2082488_960_720-300x300.png 300w, https:\/\/a-deuxmains.com\/wp-content\/uploads\/2021\/01\/alphabet-2082488_960_720-150x150.png 150w, https:\/\/a-deuxmains.com\/wp-content\/uploads\/2021\/01\/alphabet-2082488_960_720-100x100.png 100w\" sizes=\"(max-width: 720px) 100vw, 720px\" \/><\/figure><div class=\"wp-block-media-text__content\">\n<p>Merci \u00e0 J\u00e9r\u00e9mie de me tonifier vigoureusement avec bonne humeur et d\u00e9contraction, de me permettre de m&rsquo;ancrer davantage, d&rsquo;avoir pr\u00e9par\u00e9 un lieu \u00e0 bonne temp\u00e9rature avec de l&rsquo;excellente musique. Je suis d\u00e9j\u00e0 diff\u00e9rente apr\u00e8s 1h entre ses mains \u00e9nergiques des pieds \u00e0 la t\u00eate! Je reviendrai very soon! Un cadeau \u00e0 s&rsquo;offrir \u00e0 soi ou \u00e0 offrir ! Un moment pour red\u00e9couvrir son corps avec conscience, l\u00e9g\u00e8ret\u00e9 et joie.<\/p>\n\n\n\n<p class=\"has-small-font-size\"><em>Sophie H.<\/em>      02\/01\/2021<\/p>\n<\/div><\/div>\n\n\n\n<p><\/p>\n","protected":false},"excerpt":{"rendered":"<p>Retrouver le souffle d&rsquo;une jeunesse dans une soci\u00e9t\u00e9 pesante et oppressante&#8230; Les mains de J\u00e9r\u00e9mie : Sont \u00e9nergisantes Calment les points de tensions&nbsp; Lib\u00e8rent l&rsquo;\u00e9motion. \u00ab Apr\u00e8s l&rsquo;effort vient l&rsquo;apaisement lib\u00e9rateur \u00bb Guesch Patti (Artiste) 25\/01\/2021 J\u2019ai rencontr\u00e9 J\u00e9r\u00e9mie en 2010 apr\u00e8s sa 1ere formation en massage sportif, lorsque j\u2019\u00e9tais Karat\u00e9ka de haut niveau. Je &hellip; <\/p>\n<p class=\"link-more\"><a href=\"https:\/\/a-deuxmains.com\/index.php\/les-temoignages\/\" class=\"more-link\">Continuer la lecture<span class=\"screen-reader-text\"> de &laquo;&nbsp;Les t\u00e9moignages&nbsp;&raquo;<\/span><\/a><\/p>\n","protected":false},"author":1,"featured_media":0,"parent":0,"menu_order":0,"comment_status":"closed","ping_status":"closed","template":"","meta":[],"yoast_head":"<!-- This site is optimized with the Yoast SEO plugin v15.7 - https:\/\/yoast.com\/wordpress\/plugins\/seo\/ -->\n<title>Les t\u00e9moignages | A-deuxmains<\/title>\n<meta name=\"robots\" content=\"index, follow, max-snippet:-1, max-image-preview:large, max-video-preview:-1\" \/>\n<link rel=\"canonical\" href=\"https:\/\/a-deuxmains.com\/index.php\/les-temoignages\/\" \/>\n<meta property=\"og:locale\" content=\"fr_FR\" \/>\n<meta property=\"og:type\" content=\"article\" \/>\n<meta property=\"og:title\" content=\"Les t\u00e9moignages | A-deuxmains\" \/>\n<meta property=\"og:description\" content=\"Retrouver le souffle d&rsquo;une jeunesse dans une soci\u00e9t\u00e9 pesante et oppressante&#8230; Les mains de J\u00e9r\u00e9mie : Sont \u00e9nergisantes Calment les points de tensions&nbsp; Lib\u00e8rent l&rsquo;\u00e9motion. \u00ab Apr\u00e8s l&rsquo;effort vient l&rsquo;apaisement lib\u00e9rateur \u00bb Guesch Patti (Artiste) 25\/01\/2021 J\u2019ai rencontr\u00e9 J\u00e9r\u00e9mie en 2010 apr\u00e8s sa 1ere formation en massage sportif, lorsque j\u2019\u00e9tais Karat\u00e9ka de haut niveau. Je &hellip; Continuer la lecture de &laquo;&nbsp;Les t\u00e9moignages&nbsp;&raquo;\" \/>\n<meta property=\"og:url\" content=\"https:\/\/a-deuxmains.com\/index.php\/les-temoignages\/\" \/>\n<meta property=\"og:site_name\" content=\"A-deuxmains\" \/>\n<meta property=\"article:publisher\" content=\"https:\/\/www.facebook.com\/A.2mains.Angers\" \/>\n<meta property=\"article:modified_time\" content=\"2021-11-12T19:43:20+00:00\" \/>\n<meta property=\"og:image\" content=\"http:\/\/a-deuxmains.com\/wp-content\/uploads\/2019\/04\/10906154_793371767394741_2814619207756174419_n.jpg\" \/>\n<meta name=\"twitter:card\" content=\"summary_large_image\" \/>\n<meta name=\"twitter:label1\" content=\"Dur\u00e9e de lecture est.\">\n\t<meta name=\"twitter:data1\" content=\"6 minutes\">\n<script type=\"application\/ld+json\" class=\"yoast-schema-graph\">{\"@context\":\"https:\/\/schema.org\",\"@graph\":[{\"@type\":[\"Person\",\"Organization\"],\"@id\":\"https:\/\/a-deuxmains.com\/#\/schema\/person\/679ace79d95d565a174117144a1cd9ae\",\"name\":\"admin5942\",\"image\":{\"@type\":\"ImageObject\",\"@id\":\"https:\/\/a-deuxmains.com\/#personlogo\",\"inLanguage\":\"fr-FR\",\"url\":\"https:\/\/secure.gravatar.com\/avatar\/5727d1984926e731201bf5ae98d8d6e2?s=96&d=mm&r=g\",\"caption\":\"admin5942\"},\"logo\":{\"@id\":\"https:\/\/a-deuxmains.com\/#personlogo\"},\"description\":\"Form\\u00e9 depuis 2003, J\\u00e9r\\u00e9mie vous assurera une prestation de qualit\\u00e9 en tant que masseur pro. Du massage pour sportif (\\u00e9nergisant ou r\\u00e9cup\\u00e9rateur) au massage relaxant, divers forfaits propos\\u00e9s pour soulager les tensions et lutter contre le mal de dos, ventre, genou, migraine, torticolis, etc... Dans un espace bien-\\u00eatre convivial sur Angers pour femmes et hommes, re\\u00e7oit sur rdv 13h-20h du lundi au vendredi (matin et samedi-dimanche sur demande).\",\"sameAs\":[\"https:\/\/www.facebook.com\/A.2mains.Angers\"]},{\"@type\":\"WebSite\",\"@id\":\"https:\/\/a-deuxmains.com\/#website\",\"url\":\"https:\/\/a-deuxmains.com\/\",\"name\":\"A-deuxmains\",\"description\":\"Votre bien-\\u00eatre | Du massage relaxant au sp\\u00e9cial sportif | Angers\",\"publisher\":{\"@id\":\"https:\/\/a-deuxmains.com\/#\/schema\/person\/679ace79d95d565a174117144a1cd9ae\"},\"potentialAction\":[{\"@type\":\"SearchAction\",\"target\":\"https:\/\/a-deuxmains.com\/?s={search_term_string}\",\"query-input\":\"required name=search_term_string\"}],\"inLanguage\":\"fr-FR\"},{\"@type\":\"ImageObject\",\"@id\":\"https:\/\/a-deuxmains.com\/index.php\/les-temoignages\/#primaryimage\",\"inLanguage\":\"fr-FR\",\"url\":\"http:\/\/a-deuxmains.com\/wp-content\/uploads\/2019\/04\/10906154_793371767394741_2814619207756174419_n.jpg\"},{\"@type\":\"WebPage\",\"@id\":\"https:\/\/a-deuxmains.com\/index.php\/les-temoignages\/#webpage\",\"url\":\"https:\/\/a-deuxmains.com\/index.php\/les-temoignages\/\",\"name\":\"Les t\\u00e9moignages | A-deuxmains\",\"isPartOf\":{\"@id\":\"https:\/\/a-deuxmains.com\/#website\"},\"primaryImageOfPage\":{\"@id\":\"https:\/\/a-deuxmains.com\/index.php\/les-temoignages\/#primaryimage\"},\"datePublished\":\"2021-01-15T13:21:11+00:00\",\"dateModified\":\"2021-11-12T19:43:20+00:00\",\"inLanguage\":\"fr-FR\",\"potentialAction\":[{\"@type\":\"ReadAction\",\"target\":[\"https:\/\/a-deuxmains.com\/index.php\/les-temoignages\/\"]}]}]}<\/script>\n<!-- \/ Yoast SEO plugin. -->","_links":{"self":[{"href":"https:\/\/a-deuxmains.com\/index.php\/wp-json\/wp\/v2\/pages\/186"}],"collection":[{"href":"https:\/\/a-deuxmains.com\/index.php\/wp-json\/wp\/v2\/pages"}],"about":[{"href":"https:\/\/a-deuxmains.com\/index.php\/wp-json\/wp\/v2\/types\/page"}],"author":[{"embeddable":true,"href":"https:\/\/a-deuxmains.com\/index.php\/wp-json\/wp\/v2\/users\/1"}],"replies":[{"embeddable":true,"href":"https:\/\/a-deuxmains.com\/index.php\/wp-json\/wp\/v2\/comments?post=186"}],"version-history":[{"count":19,"href":"https:\/\/a-deuxmains.com\/index.php\/wp-json\/wp\/v2\/pages\/186\/revisions"}],"predecessor-version":[{"id":325,"href":"https:\/\/a-deuxmains.com\/index.php\/wp-json\/wp\/v2\/pages\/186\/revisions\/325"}],"wp:attachment":[{"href":"https:\/\/a-deuxmains.com\/index.php\/wp-json\/wp\/v2\/media?parent=186"}],"curies":[{"name":"wp","href":"https:\/\/api.w.org\/{rel}","templated":true}]}}