{"id":183,"date":"2021-01-15T14:13:05","date_gmt":"2021-01-15T13:13:05","guid":{"rendered":"http:\/\/a-deuxmains.com\/?page_id=183"},"modified":"2021-03-15T12:50:01","modified_gmt":"2021-03-15T11:50:01","slug":"l-aventure-a-2-mains","status":"publish","type":"page","link":"https:\/\/a-deuxmains.com\/index.php\/l-aventure-a-2-mains\/","title":{"rendered":"L&rsquo;aventure A 2 mains"},"content":{"rendered":"\n<p>Par passion, en 2003 j\u2019ai commenc\u00e9 \u00e0 me former en massage bien-\u00eatre (type californien), puis ayurv\u00e9dique avec les techniques \u201cMarma V\u00e9da\u201d. Une r\u00e9v\u00e9lation.\u00a0<br>Au fil des ann\u00e9es, le magn\u00e9tisme, pr\u00e9cieux h\u00e9ritage de mon p\u00e8re, s\u2019est invit\u00e9 dans la pratique du massage. Un bon alli\u00e9. <br>De la simple d\u00e9tente au massage sportif, les diverses techniques acquises m\u2019ont permis de d\u00e9velopper plusieurs protocoles alliant massage et magn\u00e9tisme selon le cas.<br>D\u2019une migraine \u00e0 un mal de pieds, en passant par les jambes lourdes, un mal de dos, ventre, genou, un torticolis&#8230;<br>J\u2019utilise des huiles bio diff\u00e9rentes et \u201cfaites maison\u201d, une pour soulager une tension, une autre pour une courbature, de l\u2019anti-inflammatoire \u00e0 la relaxante.<br><br>Mon parcours fut de rechercher en France la formation la plus appropri\u00e9e \u00e0 mes projets et mon univers, dans le meilleur centre de formation:<br>\u00b0 Centre de formation ARTEC (Montpellier puis Paris) pour les techniques ayurv\u00e9diques Marma V\u00e9da*, puis Massage Sportif (N\u00b0 1).<br>\u00b0 Centre Action Reflexo \u00e0 Libourne pour Fleur de Siam (massage ayurv\u00e9dique).<br>\u00b0 Dominique Maisonneuve formateur en Magn\u00e9tisme \u00e0 F\u00e9gr\u00e9ac.<br>\u00b0 Institut de Formation Jo\u00ebl Savatofski (Dijon &amp; Paris) pour la Relaxin\u00e9sie &amp; Stretch-massage, le Massage Sportif (N\u00b0 2) et l\u2019Anatomie Palpatoire.<br><br>*Technique Ayurv\u00e9dique permettant de cibler les Doshas, travailler les nombreux points Marma.<br>Ce massage se compose de tapotements, de p\u00e9trissages, de frictions relan\u00e7ant le flux \u00e9nerg\u00e9tique et soulageant les points de tensions.<\/p>\n\n\n\n<p style=\"font-size:11.5px\"><br><em>* Formation par un organisme ayant obtenu l\u2019enregistrement au R\u00e9pertoire National des Certifications Professionnelles (RNCP)<\/em><\/p>\n\n\n\n<figure class=\"wp-block-image size-large is-resized\"><img loading=\"lazy\" src=\"http:\/\/a-deuxmains.com\/wp-content\/uploads\/2021\/01\/20200516_162400-1024x693.jpg\" alt=\"\" class=\"wp-image-229\" width=\"674\" height=\"456\" srcset=\"https:\/\/a-deuxmains.com\/wp-content\/uploads\/2021\/01\/20200516_162400-1024x693.jpg 1024w, https:\/\/a-deuxmains.com\/wp-content\/uploads\/2021\/01\/20200516_162400-300x203.jpg 300w, https:\/\/a-deuxmains.com\/wp-content\/uploads\/2021\/01\/20200516_162400-768x520.jpg 768w, https:\/\/a-deuxmains.com\/wp-content\/uploads\/2021\/01\/20200516_162400-1536x1040.jpg 1536w, https:\/\/a-deuxmains.com\/wp-content\/uploads\/2021\/01\/20200516_162400-2048x1386.jpg 2048w\" sizes=\"(max-width: 674px) 100vw, 674px\" \/><\/figure>\n","protected":false},"excerpt":{"rendered":"<p>Par passion, en 2003 j\u2019ai commenc\u00e9 \u00e0 me former en massage bien-\u00eatre (type californien), puis ayurv\u00e9dique avec les techniques \u201cMarma V\u00e9da\u201d. Une r\u00e9v\u00e9lation.\u00a0Au fil des ann\u00e9es, le magn\u00e9tisme, pr\u00e9cieux h\u00e9ritage de mon p\u00e8re, s\u2019est invit\u00e9 dans la pratique du massage. Un bon alli\u00e9. De la simple d\u00e9tente au massage sportif, les diverses techniques acquises m\u2019ont &hellip; <\/p>\n<p class=\"link-more\"><a href=\"https:\/\/a-deuxmains.com\/index.php\/l-aventure-a-2-mains\/\" class=\"more-link\">Continuer la lecture<span class=\"screen-reader-text\"> de &laquo;&nbsp;L&rsquo;aventure A 2 mains&nbsp;&raquo;<\/span><\/a><\/p>\n","protected":false},"author":1,"featured_media":0,"parent":0,"menu_order":0,"comment_status":"closed","ping_status":"closed","template":"","meta":[],"yoast_head":"<!-- This site is optimized with the Yoast SEO plugin v15.7 - https:\/\/yoast.com\/wordpress\/plugins\/seo\/ -->\n<title>L&#039;aventure A 2 mains | A-deuxmains<\/title>\n<meta name=\"robots\" content=\"index, follow, max-snippet:-1, max-image-preview:large, max-video-preview:-1\" \/>\n<link rel=\"canonical\" href=\"https:\/\/a-deuxmains.com\/index.php\/l-aventure-a-2-mains\/\" \/>\n<meta property=\"og:locale\" content=\"fr_FR\" \/>\n<meta property=\"og:type\" content=\"article\" \/>\n<meta property=\"og:title\" content=\"L&#039;aventure A 2 mains | A-deuxmains\" \/>\n<meta property=\"og:description\" content=\"Par passion, en 2003 j\u2019ai commenc\u00e9 \u00e0 me former en massage bien-\u00eatre (type californien), puis ayurv\u00e9dique avec les techniques \u201cMarma V\u00e9da\u201d. Une r\u00e9v\u00e9lation.\u00a0Au fil des ann\u00e9es, le magn\u00e9tisme, pr\u00e9cieux h\u00e9ritage de mon p\u00e8re, s\u2019est invit\u00e9 dans la pratique du massage. Un bon alli\u00e9. De la simple d\u00e9tente au massage sportif, les diverses techniques acquises m\u2019ont &hellip; Continuer la lecture de &laquo;&nbsp;L&rsquo;aventure A 2 mains&nbsp;&raquo;\" \/>\n<meta property=\"og:url\" content=\"https:\/\/a-deuxmains.com\/index.php\/l-aventure-a-2-mains\/\" \/>\n<meta property=\"og:site_name\" content=\"A-deuxmains\" \/>\n<meta property=\"article:publisher\" content=\"https:\/\/www.facebook.com\/A.2mains.Angers\" \/>\n<meta property=\"article:modified_time\" content=\"2021-03-15T11:50:01+00:00\" \/>\n<meta property=\"og:image\" content=\"http:\/\/a-deuxmains.com\/wp-content\/uploads\/2021\/01\/20200516_162400-1024x693.jpg\" \/>\n<meta name=\"twitter:card\" content=\"summary_large_image\" \/>\n<meta name=\"twitter:label1\" content=\"Dur\u00e9e de lecture est.\">\n\t<meta name=\"twitter:data1\" content=\"2 minutes\">\n<script type=\"application\/ld+json\" class=\"yoast-schema-graph\">{\"@context\":\"https:\/\/schema.org\",\"@graph\":[{\"@type\":[\"Person\",\"Organization\"],\"@id\":\"https:\/\/a-deuxmains.com\/#\/schema\/person\/679ace79d95d565a174117144a1cd9ae\",\"name\":\"admin5942\",\"image\":{\"@type\":\"ImageObject\",\"@id\":\"https:\/\/a-deuxmains.com\/#personlogo\",\"inLanguage\":\"fr-FR\",\"url\":\"https:\/\/secure.gravatar.com\/avatar\/5727d1984926e731201bf5ae98d8d6e2?s=96&d=mm&r=g\",\"caption\":\"admin5942\"},\"logo\":{\"@id\":\"https:\/\/a-deuxmains.com\/#personlogo\"},\"description\":\"Form\\u00e9 depuis 2003, J\\u00e9r\\u00e9mie vous assurera une prestation de qualit\\u00e9 en tant que masseur pro. Du massage pour sportif (\\u00e9nergisant ou r\\u00e9cup\\u00e9rateur) au massage relaxant, divers forfaits propos\\u00e9s pour soulager les tensions et lutter contre le mal de dos, ventre, genou, migraine, torticolis, etc... Dans un espace bien-\\u00eatre convivial sur Angers pour femmes et hommes, re\\u00e7oit sur rdv 13h-20h du lundi au vendredi (matin et samedi-dimanche sur demande).\",\"sameAs\":[\"https:\/\/www.facebook.com\/A.2mains.Angers\"]},{\"@type\":\"WebSite\",\"@id\":\"https:\/\/a-deuxmains.com\/#website\",\"url\":\"https:\/\/a-deuxmains.com\/\",\"name\":\"A-deuxmains\",\"description\":\"Votre bien-\\u00eatre | Du massage relaxant au sp\\u00e9cial sportif | Angers\",\"publisher\":{\"@id\":\"https:\/\/a-deuxmains.com\/#\/schema\/person\/679ace79d95d565a174117144a1cd9ae\"},\"potentialAction\":[{\"@type\":\"SearchAction\",\"target\":\"https:\/\/a-deuxmains.com\/?s={search_term_string}\",\"query-input\":\"required name=search_term_string\"}],\"inLanguage\":\"fr-FR\"},{\"@type\":\"ImageObject\",\"@id\":\"https:\/\/a-deuxmains.com\/index.php\/l-aventure-a-2-mains\/#primaryimage\",\"inLanguage\":\"fr-FR\",\"url\":\"http:\/\/a-deuxmains.com\/wp-content\/uploads\/2021\/01\/20200516_162400-1024x693.jpg\"},{\"@type\":\"WebPage\",\"@id\":\"https:\/\/a-deuxmains.com\/index.php\/l-aventure-a-2-mains\/#webpage\",\"url\":\"https:\/\/a-deuxmains.com\/index.php\/l-aventure-a-2-mains\/\",\"name\":\"L'aventure A 2 mains | A-deuxmains\",\"isPartOf\":{\"@id\":\"https:\/\/a-deuxmains.com\/#website\"},\"primaryImageOfPage\":{\"@id\":\"https:\/\/a-deuxmains.com\/index.php\/l-aventure-a-2-mains\/#primaryimage\"},\"datePublished\":\"2021-01-15T13:13:05+00:00\",\"dateModified\":\"2021-03-15T11:50:01+00:00\",\"inLanguage\":\"fr-FR\",\"potentialAction\":[{\"@type\":\"ReadAction\",\"target\":[\"https:\/\/a-deuxmains.com\/index.php\/l-aventure-a-2-mains\/\"]}]}]}<\/script>\n<!-- \/ Yoast SEO plugin. -->","_links":{"self":[{"href":"https:\/\/a-deuxmains.com\/index.php\/wp-json\/wp\/v2\/pages\/183"}],"collection":[{"href":"https:\/\/a-deuxmains.com\/index.php\/wp-json\/wp\/v2\/pages"}],"about":[{"href":"https:\/\/a-deuxmains.com\/index.php\/wp-json\/wp\/v2\/types\/page"}],"author":[{"embeddable":true,"href":"https:\/\/a-deuxmains.com\/index.php\/wp-json\/wp\/v2\/users\/1"}],"replies":[{"embeddable":true,"href":"https:\/\/a-deuxmains.com\/index.php\/wp-json\/wp\/v2\/comments?post=183"}],"version-history":[{"count":6,"href":"https:\/\/a-deuxmains.com\/index.php\/wp-json\/wp\/v2\/pages\/183\/revisions"}],"predecessor-version":[{"id":297,"href":"https:\/\/a-deuxmains.com\/index.php\/wp-json\/wp\/v2\/pages\/183\/revisions\/297"}],"wp:attachment":[{"href":"https:\/\/a-deuxmains.com\/index.php\/wp-json\/wp\/v2\/media?parent=183"}],"curies":[{"name":"wp","href":"https:\/\/api.w.org\/{rel}","templated":true}]}}