{"id":131,"date":"2021-01-14T17:06:24","date_gmt":"2021-01-14T16:06:24","guid":{"rendered":"http:\/\/a-deuxmains.com\/?page_id=131"},"modified":"2024-03-06T13:23:22","modified_gmt":"2024-03-06T12:23:22","slug":"les-prestations","status":"publish","type":"page","link":"https:\/\/a-deuxmains.com\/index.php\/les-prestations\/","title":{"rendered":"Les prestations"},"content":{"rendered":"\n<div class=\"wp-block-media-text alignwide has-media-on-the-right is-stacked-on-mobile is-image-fill\" style=\"grid-template-columns:auto 36%\"><figure class=\"wp-block-media-text__media\" style=\"background-image:url(http:\/\/a-deuxmains.com\/wp-content\/uploads\/2019\/04\/228435_1027351921701_7321_n.jpg);background-position:50% 50%\"><img loading=\"lazy\" width=\"540\" height=\"941\" src=\"http:\/\/a-deuxmains.com\/wp-content\/uploads\/2019\/04\/228435_1027351921701_7321_n.jpg\" alt=\"\" class=\"wp-image-119 size-full\" srcset=\"https:\/\/a-deuxmains.com\/wp-content\/uploads\/2019\/04\/228435_1027351921701_7321_n.jpg 540w, https:\/\/a-deuxmains.com\/wp-content\/uploads\/2019\/04\/228435_1027351921701_7321_n-172x300.jpg 172w\" sizes=\"(max-width: 540px) 100vw, 540px\" \/><\/figure><div class=\"wp-block-media-text__content\">\n<h2><strong><span class=\"has-inline-color has-vivid-cyan-blue-color\">Sportif avant-effort<\/span><\/strong><\/h2>\n\n\n\n<p>15 minutes \u00b7 20 \u20ac<\/p>\n\n\n\n<p>Massage dynamique de 10mn sans huile, activant le flux \u00e9nerg\u00e9tique. Soulage les tensions. + 5mn en fin de la s\u00e9ance avec pistolet \u00e0 vibrations. R\u00e9alis\u00e9 sur table, tenue l\u00e9g\u00e8re conseill\u00e9e (tee-shirt, jogging ou short)<\/p>\n<\/div><\/div>\n\n\n\n<div style=\"height:20px\" aria-hidden=\"true\" class=\"wp-block-spacer\"><\/div>\n\n\n\n<div class=\"wp-block-media-text alignwide has-media-on-the-right is-stacked-on-mobile is-image-fill\" style=\"grid-template-columns:auto 36%\"><figure class=\"wp-block-media-text__media\" style=\"background-image:url(http:\/\/a-deuxmains.com\/wp-content\/uploads\/2021\/01\/Fotolia_2689993_X-1024x681.jpg);background-position:50% 50%\"><img loading=\"lazy\" width=\"1024\" height=\"681\" src=\"http:\/\/a-deuxmains.com\/wp-content\/uploads\/2021\/01\/Fotolia_2689993_X-1024x681.jpg\" alt=\"\" class=\"wp-image-136 size-full\" srcset=\"https:\/\/a-deuxmains.com\/wp-content\/uploads\/2021\/01\/Fotolia_2689993_X-1024x681.jpg 1024w, https:\/\/a-deuxmains.com\/wp-content\/uploads\/2021\/01\/Fotolia_2689993_X-300x199.jpg 300w, https:\/\/a-deuxmains.com\/wp-content\/uploads\/2021\/01\/Fotolia_2689993_X-768x511.jpg 768w, https:\/\/a-deuxmains.com\/wp-content\/uploads\/2021\/01\/Fotolia_2689993_X-1536x1021.jpg 1536w, https:\/\/a-deuxmains.com\/wp-content\/uploads\/2021\/01\/Fotolia_2689993_X-2048x1362.jpg 2048w\" sizes=\"(max-width: 767px) 89vw, (max-width: 1000px) 54vw, (max-width: 1071px) 543px, 580px\" \/><\/figure><div class=\"wp-block-media-text__content\">\n<h2><strong><span style=\"color:#c20c3d\" class=\"has-inline-color\">Relaxant<\/span><\/strong><\/h2>\n\n\n\n<p>1 heure \u00b7 60 \u20ac<\/p>\n\n\n\n<p>Stress\u00e9(e) par le travail, un \u00e9v\u00e9nement ou autre ? Testez le relaxant (dos + jambes + pieds + cou\/\u00e9paules + cr\u00e2ne). Massage d\u2019une heure sur table en sous-v\u00eatements. Huiles sp\u00e9cifiques, bio. C&rsquo;est la version + douce du soin Ayurv\u00e9dique. Ambiance avec musique zen, bougies&#8230;<\/p>\n<\/div><\/div>\n\n\n\n<div style=\"height:20px\" aria-hidden=\"true\" class=\"wp-block-spacer\"><\/div>\n\n\n\n<div class=\"wp-block-media-text alignwide has-media-on-the-right is-stacked-on-mobile is-image-fill\" style=\"grid-template-columns:auto 36%\"><figure class=\"wp-block-media-text__media\" style=\"background-image:url(http:\/\/a-deuxmains.com\/wp-content\/uploads\/2019\/04\/massage-3601814_1920-1024x822.jpg);background-position:50% 50%\"><img loading=\"lazy\" width=\"1024\" height=\"822\" src=\"http:\/\/a-deuxmains.com\/wp-content\/uploads\/2019\/04\/massage-3601814_1920-1024x822.jpg\" alt=\"\" class=\"wp-image-80 size-full\" srcset=\"https:\/\/a-deuxmains.com\/wp-content\/uploads\/2019\/04\/massage-3601814_1920-1024x822.jpg 1024w, https:\/\/a-deuxmains.com\/wp-content\/uploads\/2019\/04\/massage-3601814_1920-300x241.jpg 300w, https:\/\/a-deuxmains.com\/wp-content\/uploads\/2019\/04\/massage-3601814_1920-768x617.jpg 768w, https:\/\/a-deuxmains.com\/wp-content\/uploads\/2019\/04\/massage-3601814_1920.jpg 1920w\" sizes=\"(max-width: 767px) 89vw, (max-width: 1000px) 54vw, (max-width: 1071px) 543px, 580px\" \/><\/figure><div class=\"wp-block-media-text__content\">\n<h2><strong><span class=\"has-inline-color has-light-green-cyan-color\">Sp\u00e9cial migraine<\/span><\/strong><\/h2>\n\n\n\n<p>15 minutes ou plus \u00b7 20 \u20ac<\/p>\n\n\n\n<p>Sp\u00e9cial migraine, massage avec huile sp\u00e9cifique bio pour le visage. Travail du cr\u00e2ne en magn\u00e9tisme. 15 \u00e0 20mn de soin. S\u00e9ance sur table, avec v\u00eatements l\u00e9gers de pr\u00e9f\u00e9rence (\u00e9viter col roul\u00e9, collier &amp; boucles d&rsquo;oreilles).<\/p>\n<\/div><\/div>\n\n\n\n<div style=\"height:20px\" aria-hidden=\"true\" class=\"wp-block-spacer\"><\/div>\n\n\n\n<div class=\"wp-block-media-text alignwide has-media-on-the-right is-stacked-on-mobile is-image-fill\" style=\"grid-template-columns:auto 36%\"><figure class=\"wp-block-media-text__media\" style=\"background-image:url(http:\/\/a-deuxmains.com\/wp-content\/uploads\/2021\/01\/chi-nei-tsang-maux-de-ventre.jpg);background-position:50% 50%\"><img loading=\"lazy\" width=\"760\" height=\"380\" src=\"http:\/\/a-deuxmains.com\/wp-content\/uploads\/2021\/01\/chi-nei-tsang-maux-de-ventre.jpg\" alt=\"\" class=\"wp-image-137 size-full\" srcset=\"https:\/\/a-deuxmains.com\/wp-content\/uploads\/2021\/01\/chi-nei-tsang-maux-de-ventre.jpg 760w, https:\/\/a-deuxmains.com\/wp-content\/uploads\/2021\/01\/chi-nei-tsang-maux-de-ventre-300x150.jpg 300w\" sizes=\"(max-width: 706px) 89vw, (max-width: 767px) 82vw, 740px\" \/><\/figure><div class=\"wp-block-media-text__content\">\n<h2><strong><span class=\"has-inline-color has-luminous-vivid-amber-color\">Sp\u00e9cial Ventre<\/span><\/strong><\/h2>\n\n\n\n<p>30 minutes \u00b7 30 \u20ac<\/p>\n\n\n\n<p>Travail sur les points sp\u00e9cifiques du ventre pour aider \u00e0 : &#8211; lutter contre les douleurs abdominales, &#8211; d\u00e9congestionner le foie souvent trop charg\u00e9&#8230; &#8211; mieux dig\u00e9rer, d\u00e9tendre un estomac nou\u00e9, lib\u00e9rer les spasmes. Pour une meilleure circulation de l&rsquo;\u00e9nergie dans l&rsquo;abdomen et aider l&rsquo;\u00e9limination des toxines. Massage avec huile sp\u00e9cifique bio \/ 30 \u00e0 35mn de soin. S\u00e9ance sur table, avec v\u00eatements l\u00e9gers de pr\u00e9f\u00e9rence<\/p>\n<\/div><\/div>\n\n\n\n<div style=\"height:20px\" aria-hidden=\"true\" class=\"wp-block-spacer\"><\/div>\n\n\n\n<div class=\"wp-block-media-text alignwide has-media-on-the-right is-stacked-on-mobile is-image-fill\" style=\"grid-template-columns:auto 36%\"><figure class=\"wp-block-media-text__media\" style=\"background-image:url(http:\/\/a-deuxmains.com\/wp-content\/uploads\/2021\/01\/AdobeStock_74633928-699x1024.jpeg);background-position:50% 50%\"><img loading=\"lazy\" width=\"699\" height=\"1024\" src=\"http:\/\/a-deuxmains.com\/wp-content\/uploads\/2021\/01\/AdobeStock_74633928-699x1024.jpeg\" alt=\"\" class=\"wp-image-138 size-full\" srcset=\"https:\/\/a-deuxmains.com\/wp-content\/uploads\/2021\/01\/AdobeStock_74633928-699x1024.jpeg 699w, https:\/\/a-deuxmains.com\/wp-content\/uploads\/2021\/01\/AdobeStock_74633928-205x300.jpeg 205w, https:\/\/a-deuxmains.com\/wp-content\/uploads\/2021\/01\/AdobeStock_74633928-768x1126.jpeg 768w, https:\/\/a-deuxmains.com\/wp-content\/uploads\/2021\/01\/AdobeStock_74633928-1048x1536.jpeg 1048w, https:\/\/a-deuxmains.com\/wp-content\/uploads\/2021\/01\/AdobeStock_74633928-1397x2048.jpeg 1397w, https:\/\/a-deuxmains.com\/wp-content\/uploads\/2021\/01\/AdobeStock_74633928-scaled.jpeg 1746w\" sizes=\"(max-width: 699px) 100vw, 699px\" \/><\/figure><div class=\"wp-block-media-text__content\">\n<h2><strong><span class=\"has-inline-color has-pale-pink-color\">R\u00e9cup\u00e9ration du sportif<\/span><\/strong><\/h2>\n\n\n\n<p>45 minutes \u00b7 45 \u20ac<\/p>\n\n\n\n<p>Sp\u00e9cial sportif, traitement des courbatures, tensions (apr\u00e8s comp\u00e9tition, tournoi, entra\u00eenement et toutes \u00e9preuves sportives..). Massage sur table des jambes, pieds, dos &amp; bras avec huile sp\u00e9cifique bio.<\/p>\n<\/div><\/div>\n\n\n\n<div style=\"height:20px\" aria-hidden=\"true\" class=\"wp-block-spacer\"><\/div>\n\n\n\n<div class=\"wp-block-media-text alignwide has-media-on-the-right is-stacked-on-mobile is-image-fill\" style=\"grid-template-columns:auto 36%\"><figure class=\"wp-block-media-text__media\" style=\"background-image:url(http:\/\/a-deuxmains.com\/wp-content\/uploads\/2019\/04\/zen-1588751_960_720.jpg);background-position:50% 50%\"><img loading=\"lazy\" width=\"960\" height=\"720\" src=\"http:\/\/a-deuxmains.com\/wp-content\/uploads\/2019\/04\/zen-1588751_960_720.jpg\" alt=\"\" class=\"wp-image-11 size-full\" srcset=\"https:\/\/a-deuxmains.com\/wp-content\/uploads\/2019\/04\/zen-1588751_960_720.jpg 960w, https:\/\/a-deuxmains.com\/wp-content\/uploads\/2019\/04\/zen-1588751_960_720-300x225.jpg 300w, https:\/\/a-deuxmains.com\/wp-content\/uploads\/2019\/04\/zen-1588751_960_720-768x576.jpg 768w\" sizes=\"(max-width: 767px) 89vw, (max-width: 1000px) 54vw, (max-width: 1071px) 543px, 580px\" \/><\/figure><div class=\"wp-block-media-text__content\">\n<h2><strong><span style=\"color:#de9760\" class=\"has-inline-color\">Ayurv\u00e9dique<\/span><\/strong><\/h2>\n\n\n\n<p>1 heure \u00b7 60 \u20ac<\/p>\n\n\n\n<p>Massage \u00e9nergique &amp; \u00e9nerg\u00e9tique complet de la t\u00eate aux pieds avec huile sp\u00e9cifique bio. Ce soin am\u00e9liore la circulation sanguine et lymphatique gr\u00e2ce au drainage, r\u00e9duit la tension nerveuse et \u00e9quilibre les flux \u00e9nerg\u00e9tiques. La personne est en sous-v\u00eatements, allong\u00e9e sur la table de massage. Ambiance et musique zen, bougies&#8230;<\/p>\n<\/div><\/div>\n\n\n\n<div style=\"height:20px\" aria-hidden=\"true\" class=\"wp-block-spacer\"><\/div>\n\n\n\n<div class=\"wp-block-media-text alignwide has-media-on-the-right is-stacked-on-mobile is-image-fill\" style=\"grid-template-columns:auto 36%\"><figure class=\"wp-block-media-text__media\" style=\"background-image:url(http:\/\/a-deuxmains.com\/wp-content\/uploads\/2019\/04\/foot-massage-2133279_960_720.jpg);background-position:50% 50%\"><img loading=\"lazy\" width=\"478\" height=\"720\" src=\"http:\/\/a-deuxmains.com\/wp-content\/uploads\/2019\/04\/foot-massage-2133279_960_720.jpg\" alt=\"\" class=\"wp-image-82 size-full\" srcset=\"https:\/\/a-deuxmains.com\/wp-content\/uploads\/2019\/04\/foot-massage-2133279_960_720.jpg 478w, https:\/\/a-deuxmains.com\/wp-content\/uploads\/2019\/04\/foot-massage-2133279_960_720-199x300.jpg 199w\" sizes=\"(max-width: 478px) 100vw, 478px\" \/><\/figure><div class=\"wp-block-media-text__content\">\n<h2><strong><span style=\"color:#e9c38b\" class=\"has-inline-color\">Des pieds des mains<\/span><\/strong><\/h2>\n\n\n\n<p>30 minutes \u00b7 30 \u20ac<\/p>\n\n\n\n<p>Massage des pieds, des bras et mains avec huile sp\u00e9cifique bio, pendant 30mn. R\u00e9alis\u00e9 sur table, tenue l\u00e9g\u00e8re conseill\u00e9e (tee-shirt, jogging ou short)<\/p>\n<\/div><\/div>\n\n\n\n<div style=\"height:20px\" aria-hidden=\"true\" class=\"wp-block-spacer\"><\/div>\n\n\n\n<div class=\"wp-block-media-text alignwide has-media-on-the-right is-stacked-on-mobile is-image-fill\" style=\"grid-template-columns:auto 36%\"><figure class=\"wp-block-media-text__media\" style=\"background-image:url(http:\/\/a-deuxmains.com\/wp-content\/uploads\/2021\/01\/Multisports-1024x467.jpg);background-position:50% 50%\"><img loading=\"lazy\" width=\"1024\" height=\"467\" src=\"http:\/\/a-deuxmains.com\/wp-content\/uploads\/2021\/01\/Multisports-1024x467.jpg\" alt=\"\" class=\"wp-image-139 size-full\" srcset=\"https:\/\/a-deuxmains.com\/wp-content\/uploads\/2021\/01\/Multisports-1024x467.jpg 1024w, https:\/\/a-deuxmains.com\/wp-content\/uploads\/2021\/01\/Multisports-300x137.jpg 300w, https:\/\/a-deuxmains.com\/wp-content\/uploads\/2021\/01\/Multisports-768x350.jpg 768w, https:\/\/a-deuxmains.com\/wp-content\/uploads\/2021\/01\/Multisports-1536x700.jpg 1536w, https:\/\/a-deuxmains.com\/wp-content\/uploads\/2021\/01\/Multisports.jpg 1600w\" sizes=\"(max-width: 767px) 89vw, (max-width: 1000px) 54vw, (max-width: 1071px) 543px, 580px\" \/><\/figure><div class=\"wp-block-media-text__content\">\n<h2><strong><span class=\"has-inline-color has-vivid-red-color\">Complet sp\u00e9cial sportif<\/span><\/strong><\/h2>\n\n\n\n<p>1 heure 30 minutes \u00b7 90 \u20ac<\/p>\n\n\n\n<p>Sp\u00e9cial sportif (avant ou apr\u00e8s comp\u00e9tition, tournoi, entra\u00eenement et toutes \u00e9preuves sportives..). Am\u00e9liorer la circulation sanguine et lymphatique, r\u00e9duire la tension nerveuse et \u00e9quilibrer les flux \u00e9nerg\u00e9tiques. Massage complet de la t\u00eate aux pieds avec huile sp\u00e9cifique bio. La personne est en sous-v\u00eatements, allong\u00e9e sur la table de massage. Travail au pistolet \u00e0 vibrations (5mn) selon les cas, en fin de s\u00e9ance.<\/p>\n<\/div><\/div>\n\n\n\n<div style=\"height:20px\" aria-hidden=\"true\" class=\"wp-block-spacer\"><\/div>\n\n\n\n<div class=\"wp-block-media-text alignwide has-media-on-the-right is-stacked-on-mobile is-image-fill\" style=\"grid-template-columns:auto 36%\"><figure class=\"wp-block-media-text__media\" style=\"background-image:url(http:\/\/a-deuxmains.com\/wp-content\/uploads\/2021\/01\/30credits_FotoliaComp_38695780_Sm6SLC2psewbhTONVZZcOEzPrIXSkdq3_NW40.jpg);background-position:50% 50%\"><img loading=\"lazy\" width=\"500\" height=\"404\" src=\"http:\/\/a-deuxmains.com\/wp-content\/uploads\/2021\/01\/30credits_FotoliaComp_38695780_Sm6SLC2psewbhTONVZZcOEzPrIXSkdq3_NW40.jpg\" alt=\"\" class=\"wp-image-140 size-full\" srcset=\"https:\/\/a-deuxmains.com\/wp-content\/uploads\/2021\/01\/30credits_FotoliaComp_38695780_Sm6SLC2psewbhTONVZZcOEzPrIXSkdq3_NW40.jpg 500w, https:\/\/a-deuxmains.com\/wp-content\/uploads\/2021\/01\/30credits_FotoliaComp_38695780_Sm6SLC2psewbhTONVZZcOEzPrIXSkdq3_NW40-300x242.jpg 300w\" sizes=\"(max-width: 500px) 100vw, 500px\" \/><\/figure><div class=\"wp-block-media-text__content\">\n<h2><strong><span style=\"color:#9ba719\" class=\"has-inline-color\">Partenariat clubs sportifs<\/span><\/strong><\/h2>\n\n\n\n<p>45 minutes \u00b7 25 \u20ac<\/p>\n\n\n\n<p>Participation de l&rsquo;adh\u00e9rent: 20\u20ac + le solde pris en charge par le club sportif ayant sign\u00e9 un accord de partenariat avec A 2 mains. Massage \u00e0 la demande en fonction du besoin exprim\u00e9 (sportif ou relaxant). Avec huiles sp\u00e9cifiques bio, la personne est allong\u00e9e sur la table, en sous-v\u00eatements.<\/p>\n<\/div><\/div>\n\n\n\n<div style=\"height:20px\" aria-hidden=\"true\" class=\"wp-block-spacer\"><\/div>\n\n\n\n<div class=\"wp-block-media-text alignwide has-media-on-the-right is-stacked-on-mobile is-image-fill\" style=\"grid-template-columns:auto 36%\"><figure class=\"wp-block-media-text__media\" style=\"background-image:url(http:\/\/a-deuxmains.com\/wp-content\/uploads\/2021\/01\/Fotolia_51110927_X-1024x683.jpg);background-position:50% 50%\"><img loading=\"lazy\" width=\"1024\" height=\"683\" src=\"http:\/\/a-deuxmains.com\/wp-content\/uploads\/2021\/01\/Fotolia_51110927_X-1024x683.jpg\" alt=\"\" class=\"wp-image-141 size-full\" srcset=\"https:\/\/a-deuxmains.com\/wp-content\/uploads\/2021\/01\/Fotolia_51110927_X-1024x683.jpg 1024w, https:\/\/a-deuxmains.com\/wp-content\/uploads\/2021\/01\/Fotolia_51110927_X-300x200.jpg 300w, https:\/\/a-deuxmains.com\/wp-content\/uploads\/2021\/01\/Fotolia_51110927_X-768x512.jpg 768w, https:\/\/a-deuxmains.com\/wp-content\/uploads\/2021\/01\/Fotolia_51110927_X-1536x1024.jpg 1536w, https:\/\/a-deuxmains.com\/wp-content\/uploads\/2021\/01\/Fotolia_51110927_X-2048x1365.jpg 2048w\" sizes=\"(max-width: 767px) 89vw, (max-width: 1000px) 54vw, (max-width: 1071px) 543px, 580px\" \/><\/figure><div class=\"wp-block-media-text__content\">\n<h2><strong><span style=\"color:#a582bf\" class=\"has-inline-color\">\u00c0 la carte<\/span><\/strong><\/h2>\n\n\n\n<p>15 minutes ou plus \u00b7 20 \u20ac<\/p>\n\n\n\n<p>Sp\u00e9cial jambes ou bras ou dos ou pieds\/mains ou cou\/\u00e9paules ou ventre ou visage. Massage avec huiles sp\u00e9cifiques, bio. R\u00e9alis\u00e9 sur table, tenue l\u00e9g\u00e8re conseill\u00e9e (tee-shirt, jogging ou short)<\/p>\n<\/div><\/div>\n\n\n\n<div style=\"height:20px\" aria-hidden=\"true\" class=\"wp-block-spacer\"><\/div>\n\n\n\n<div class=\"wp-block-media-text alignwide has-media-on-the-right is-stacked-on-mobile is-image-fill\" style=\"grid-template-columns:auto 36%\"><figure class=\"wp-block-media-text__media\" style=\"background-image:url(http:\/\/a-deuxmains.com\/wp-content\/uploads\/2021\/11\/IMG-20211014-WA0009-1024x497.jpg);background-position:50% 50%\"><img loading=\"lazy\" width=\"1024\" height=\"497\" src=\"http:\/\/a-deuxmains.com\/wp-content\/uploads\/2021\/11\/IMG-20211014-WA0009-1024x497.jpg\" alt=\"\" class=\"wp-image-304 size-full\" srcset=\"https:\/\/a-deuxmains.com\/wp-content\/uploads\/2021\/11\/IMG-20211014-WA0009-1024x497.jpg 1024w, https:\/\/a-deuxmains.com\/wp-content\/uploads\/2021\/11\/IMG-20211014-WA0009-300x146.jpg 300w, https:\/\/a-deuxmains.com\/wp-content\/uploads\/2021\/11\/IMG-20211014-WA0009-768x373.jpg 768w, https:\/\/a-deuxmains.com\/wp-content\/uploads\/2021\/11\/IMG-20211014-WA0009-1536x746.jpg 1536w, https:\/\/a-deuxmains.com\/wp-content\/uploads\/2021\/11\/IMG-20211014-WA0009.jpg 1600w\" sizes=\"(max-width: 767px) 89vw, (max-width: 1000px) 54vw, (max-width: 1071px) 543px, 580px\" \/><\/figure><div class=\"wp-block-media-text__content\">\n<h2><strong><span class=\"has-inline-color has-luminous-vivid-amber-color\">R\u00e9flexologie faciale<\/span><\/strong><\/h2>\n\n\n\n<p>20 minutes \u00b7 25 \u20ac<\/p>\n\n\n\n<p>Soin ax\u00e9 sur les points \u00e9nerg\u00e9tiques du visage, il est issu d&rsquo;une m\u00e9thode th\u00e9rapeutique vietnamienne travaill\u00e9e avec 2 outils.<br>R\u00e9alis\u00e9 sur table, assis et habill\u00e9. Massage rapide du cou et \u00e9paule, puis les points du visage.<br>Convient pour tout type de cas (insomnie, migraine, anxi\u00e9t\u00e9, surmenage, probl\u00e8me digestif, nervosit\u00e9, baisse de tonus, etc..)<\/p>\n<\/div><\/div>\n\n\n\n<div style=\"height:25px\" aria-hidden=\"true\" class=\"wp-block-spacer\"><\/div>\n\n\n\n<div class=\"wp-block-media-text alignwide has-media-on-the-right is-stacked-on-mobile is-image-fill\" style=\"grid-template-columns:auto 36%\"><figure class=\"wp-block-media-text__media\" style=\"background-image:url(http:\/\/a-deuxmains.com\/wp-content\/uploads\/2019\/04\/massage-389716_960_720.jpg);background-position:50% 50%\"><img loading=\"lazy\" width=\"960\" height=\"642\" src=\"http:\/\/a-deuxmains.com\/wp-content\/uploads\/2019\/04\/massage-389716_960_720.jpg\" alt=\"\" class=\"wp-image-79 size-full\" srcset=\"https:\/\/a-deuxmains.com\/wp-content\/uploads\/2019\/04\/massage-389716_960_720.jpg 960w, https:\/\/a-deuxmains.com\/wp-content\/uploads\/2019\/04\/massage-389716_960_720-300x201.jpg 300w, https:\/\/a-deuxmains.com\/wp-content\/uploads\/2019\/04\/massage-389716_960_720-768x514.jpg 768w\" sizes=\"(max-width: 767px) 89vw, (max-width: 1000px) 54vw, (max-width: 1071px) 543px, 580px\" \/><\/figure><div class=\"wp-block-media-text__content\">\n<h2><strong><span style=\"color:#e8e6e3\" class=\"has-inline-color\">Face post\u00e9rieure<\/span><\/strong><\/h2>\n\n\n\n<p>45 minutes \u00b7 45 \u20ac<\/p>\n\n\n\n<p>Sp\u00e9cial face post\u00e9rieure (jambes + dos + cou\/\u00e9paules) Avec huiles sp\u00e9cifiques bio, la personne est allong\u00e9e sur la table, en sous-v\u00eatements. Ambiance et musique zen, bougies&#8230;<\/p>\n<\/div><\/div>\n\n\n\n<div style=\"height:20px\" aria-hidden=\"true\" class=\"wp-block-spacer\"><\/div>\n\n\n\n<p><\/p>\n","protected":false},"excerpt":{"rendered":"<p>Sportif avant-effort 15 minutes \u00b7 20 \u20ac Massage dynamique de 10mn sans huile, activant le flux \u00e9nerg\u00e9tique. Soulage les tensions. + 5mn en fin de la s\u00e9ance avec pistolet \u00e0 vibrations. R\u00e9alis\u00e9 sur table, tenue l\u00e9g\u00e8re conseill\u00e9e (tee-shirt, jogging ou short) Relaxant 1 heure \u00b7 60 \u20ac Stress\u00e9(e) par le travail, un \u00e9v\u00e9nement ou autre &hellip; <\/p>\n<p class=\"link-more\"><a href=\"https:\/\/a-deuxmains.com\/index.php\/les-prestations\/\" class=\"more-link\">Continuer la lecture<span class=\"screen-reader-text\"> de &laquo;&nbsp;Les prestations&nbsp;&raquo;<\/span><\/a><\/p>\n","protected":false},"author":1,"featured_media":0,"parent":0,"menu_order":0,"comment_status":"closed","ping_status":"closed","template":"","meta":[],"yoast_head":"<!-- This site is optimized with the Yoast SEO plugin v15.7 - https:\/\/yoast.com\/wordpress\/plugins\/seo\/ -->\n<title>Les prestations | A-deuxmains<\/title>\n<meta name=\"robots\" content=\"index, follow, max-snippet:-1, max-image-preview:large, max-video-preview:-1\" \/>\n<link rel=\"canonical\" href=\"https:\/\/a-deuxmains.com\/index.php\/les-prestations\/\" \/>\n<meta property=\"og:locale\" content=\"fr_FR\" \/>\n<meta property=\"og:type\" content=\"article\" \/>\n<meta property=\"og:title\" content=\"Les prestations | A-deuxmains\" \/>\n<meta property=\"og:description\" content=\"Sportif avant-effort 15 minutes \u00b7 20 \u20ac Massage dynamique de 10mn sans huile, activant le flux \u00e9nerg\u00e9tique. Soulage les tensions. + 5mn en fin de la s\u00e9ance avec pistolet \u00e0 vibrations. R\u00e9alis\u00e9 sur table, tenue l\u00e9g\u00e8re conseill\u00e9e (tee-shirt, jogging ou short) Relaxant 1 heure \u00b7 60 \u20ac Stress\u00e9(e) par le travail, un \u00e9v\u00e9nement ou autre &hellip; Continuer la lecture de &laquo;&nbsp;Les prestations&nbsp;&raquo;\" \/>\n<meta property=\"og:url\" content=\"https:\/\/a-deuxmains.com\/index.php\/les-prestations\/\" \/>\n<meta property=\"og:site_name\" content=\"A-deuxmains\" \/>\n<meta property=\"article:publisher\" content=\"https:\/\/www.facebook.com\/A.2mains.Angers\" \/>\n<meta property=\"article:modified_time\" content=\"2024-03-06T12:23:22+00:00\" \/>\n<meta property=\"og:image\" content=\"http:\/\/a-deuxmains.com\/wp-content\/uploads\/2019\/04\/228435_1027351921701_7321_n.jpg\" \/>\n<meta name=\"twitter:card\" content=\"summary_large_image\" \/>\n<meta name=\"twitter:label1\" content=\"Dur\u00e9e de lecture est.\">\n\t<meta name=\"twitter:data1\" content=\"5 minutes\">\n<script type=\"application\/ld+json\" class=\"yoast-schema-graph\">{\"@context\":\"https:\/\/schema.org\",\"@graph\":[{\"@type\":[\"Person\",\"Organization\"],\"@id\":\"https:\/\/a-deuxmains.com\/#\/schema\/person\/679ace79d95d565a174117144a1cd9ae\",\"name\":\"admin5942\",\"image\":{\"@type\":\"ImageObject\",\"@id\":\"https:\/\/a-deuxmains.com\/#personlogo\",\"inLanguage\":\"fr-FR\",\"url\":\"https:\/\/secure.gravatar.com\/avatar\/5727d1984926e731201bf5ae98d8d6e2?s=96&d=mm&r=g\",\"caption\":\"admin5942\"},\"logo\":{\"@id\":\"https:\/\/a-deuxmains.com\/#personlogo\"},\"description\":\"Form\\u00e9 depuis 2003, J\\u00e9r\\u00e9mie vous assurera une prestation de qualit\\u00e9 en tant que masseur pro. Du massage pour sportif (\\u00e9nergisant ou r\\u00e9cup\\u00e9rateur) au massage relaxant, divers forfaits propos\\u00e9s pour soulager les tensions et lutter contre le mal de dos, ventre, genou, migraine, torticolis, etc... Dans un espace bien-\\u00eatre convivial sur Angers pour femmes et hommes, re\\u00e7oit sur rdv 13h-20h du lundi au vendredi (matin et samedi-dimanche sur demande).\",\"sameAs\":[\"https:\/\/www.facebook.com\/A.2mains.Angers\"]},{\"@type\":\"WebSite\",\"@id\":\"https:\/\/a-deuxmains.com\/#website\",\"url\":\"https:\/\/a-deuxmains.com\/\",\"name\":\"A-deuxmains\",\"description\":\"Votre bien-\\u00eatre | Du massage relaxant au sp\\u00e9cial sportif | Angers\",\"publisher\":{\"@id\":\"https:\/\/a-deuxmains.com\/#\/schema\/person\/679ace79d95d565a174117144a1cd9ae\"},\"potentialAction\":[{\"@type\":\"SearchAction\",\"target\":\"https:\/\/a-deuxmains.com\/?s={search_term_string}\",\"query-input\":\"required name=search_term_string\"}],\"inLanguage\":\"fr-FR\"},{\"@type\":\"ImageObject\",\"@id\":\"https:\/\/a-deuxmains.com\/index.php\/les-prestations\/#primaryimage\",\"inLanguage\":\"fr-FR\",\"url\":\"http:\/\/a-deuxmains.com\/wp-content\/uploads\/2019\/04\/228435_1027351921701_7321_n.jpg\"},{\"@type\":\"WebPage\",\"@id\":\"https:\/\/a-deuxmains.com\/index.php\/les-prestations\/#webpage\",\"url\":\"https:\/\/a-deuxmains.com\/index.php\/les-prestations\/\",\"name\":\"Les prestations | A-deuxmains\",\"isPartOf\":{\"@id\":\"https:\/\/a-deuxmains.com\/#website\"},\"primaryImageOfPage\":{\"@id\":\"https:\/\/a-deuxmains.com\/index.php\/les-prestations\/#primaryimage\"},\"datePublished\":\"2021-01-14T16:06:24+00:00\",\"dateModified\":\"2024-03-06T12:23:22+00:00\",\"inLanguage\":\"fr-FR\",\"potentialAction\":[{\"@type\":\"ReadAction\",\"target\":[\"https:\/\/a-deuxmains.com\/index.php\/les-prestations\/\"]}]}]}<\/script>\n<!-- \/ Yoast SEO plugin. -->","_links":{"self":[{"href":"https:\/\/a-deuxmains.com\/index.php\/wp-json\/wp\/v2\/pages\/131"}],"collection":[{"href":"https:\/\/a-deuxmains.com\/index.php\/wp-json\/wp\/v2\/pages"}],"about":[{"href":"https:\/\/a-deuxmains.com\/index.php\/wp-json\/wp\/v2\/types\/page"}],"author":[{"embeddable":true,"href":"https:\/\/a-deuxmains.com\/index.php\/wp-json\/wp\/v2\/users\/1"}],"replies":[{"embeddable":true,"href":"https:\/\/a-deuxmains.com\/index.php\/wp-json\/wp\/v2\/comments?post=131"}],"version-history":[{"count":17,"href":"https:\/\/a-deuxmains.com\/index.php\/wp-json\/wp\/v2\/pages\/131\/revisions"}],"predecessor-version":[{"id":335,"href":"https:\/\/a-deuxmains.com\/index.php\/wp-json\/wp\/v2\/pages\/131\/revisions\/335"}],"wp:attachment":[{"href":"https:\/\/a-deuxmains.com\/index.php\/wp-json\/wp\/v2\/media?parent=131"}],"curies":[{"name":"wp","href":"https:\/\/api.w.org\/{rel}","templated":true}]}}